{"id":20,"date":"2026-02-02T19:12:17","date_gmt":"2026-02-02T18:12:17","guid":{"rendered":"https:\/\/kanzleifueralle.de\/?page_id=20"},"modified":"2026-03-31T20:38:52","modified_gmt":"2026-03-31T18:38:52","slug":"impressum","status":"publish","type":"page","link":"https:\/\/kanzleifueralle.de\/de_ls\/impressum\/","title":{"rendered":"Impressum"},"content":{"rendered":"<div data-elementor-type=\"wp-page\" data-elementor-id=\"20\" class=\"elementor elementor-20\" data-elementor-post-type=\"page\">\n\t\t\t\t<div class=\"elementor-element elementor-element-d5fb1b5 e-flex e-con-boxed e-con e-parent\" data-id=\"d5fb1b5\" data-element_type=\"container\" data-e-type=\"container\">\n\t\t\t\t\t<div class=\"e-con-inner\">\n\t\t\t\t<div class=\"elementor-element elementor-element-6e7be99 elementor-widget elementor-widget-heading\" data-id=\"6e7be99\" data-element_type=\"widget\" data-e-type=\"widget\" data-widget_type=\"heading.default\">\n\t\t\t\t\t<h2 class=\"elementor-heading-title elementor-size-default\">Impressum<\/h2>\t\t\t\t<\/div>\n\t\t\t\t<div class=\"elementor-element elementor-element-a0ab603 elementor-widget elementor-widget-text-editor\" data-id=\"a0ab603\" data-element_type=\"widget\" data-e-type=\"widget\" data-widget_type=\"text-editor.default\">\n\t\t\t\t\t\t\t\t\t<div class=\"elementToProof\">Rechtsanwalt Lars Kopp\u00a0<\/div><div class=\"elementToProof\"><span style=\"font-family: -apple-system, BlinkMacSystemFont, 'Segoe UI', Roboto, 'Helvetica Neue', Arial, 'Noto Sans', sans-serif, 'Apple Color Emoji', 'Segoe UI Emoji', 'Segoe UI Symbol', 'Noto Color Emoji';\">Finkenstra\u00dfe 5<br \/><\/span><span style=\"font-family: -apple-system, BlinkMacSystemFont, 'Segoe UI', Roboto, 'Helvetica Neue', Arial, 'Noto Sans', sans-serif, 'Apple Color Emoji', 'Segoe UI Emoji', 'Segoe UI Symbol', 'Noto Color Emoji';\">80333 M\u00fcnchen<\/span><\/div><div class=\"elementToProof\">\u00a0<\/div><div class=\"elementToProof\">E-Mail: <a href=\"mailto:kopp@kanzleifueralle.de\">kopp@kanzleifueralle.de\u00a0<\/a><\/div><div class=\"elementToProof\">\u00a0<\/div><div class=\"elementToProof translation-block\"><strong>Berufshaftpflichtversicherung:<\/strong> Die berufliche T\u00e4tigkeit ist abgesichert durch eine Verm\u00f6gensschaden-Haftpflichtversicherung bei der Markel Insurance SE, Sophienstra\u00dfe 33, 80333 M\u00fcnchen<\/div><div class=\"elementToProof\">\u00a0<\/div><div class=\"elementToProof\">Rechtsanwalt Lars Kopp ist in der Bundesrepublik Deutschland als Rechtsanwalt zugelassen und Mitglied der Rechtsanwaltskammer f\u00fcr den Oberlandesgerichtsbezirk M\u00fcnchen, Tal 33, 80331 M\u00fcnchen (Telefon: +49 (89) 532 944-0; E-Mail: info@rak-muenchen.de, Webseite:\u00a0<a href=\"https:\/\/deref-gmx.net\/mail\/client\/dAiA3L5-jD0\/dereferrer\/?redirectUrl=http%3A%2F%2Fwww.rak-muenchen.de\" target=\"_blank\" rel=\"noopener\">www.rak-muenchen.de<\/a>)<\/div><div>\u00a0<\/div><div><p><strong>Berufsregeln:<\/strong><br \/>Rechtsanw\u00e4lte unterliegen folgenden berufsrechtlichen Bestimmungen:<br \/>\u2013 Bundesrechtsanwaltsordnung (BRAO)<br \/>\u2013 Rechtsanwaltsverg\u00fctungsgesetz f\u00fcr Rechtsanw\u00e4lte (RVG)<br \/>\u2013 Berufsordnung (BORA)<br \/>\u2013 Fachanwaltsordnung (FAO)<br \/>\u2013 Standesregeln der Rechtsanw\u00e4lte der Europ\u00e4ischen Gemeinschaft (CCBE)<\/p><p>Der Inhalt der oben genannten berufsrechtlichen Vorschriften ist unter www.brak.de unter der Rubrik \u201eBerufsrecht\u201c zu finden.<\/p><\/div><p>\u00a0<\/p><p>Technische Umsetzung der Webseite: <span style=\"text-decoration: underline;\"><span style=\"color: #0000fe;\"><a style=\"color: #0000fe; text-decoration: underline;\" href=\"mailto:aurbachmartin@gmx.de\">Martin Aurbach<\/a><\/span><\/span><\/p>\t\t\t\t\t\t\t\t<\/div>\n\t\t\t\t\t<\/div>\n\t\t\t\t<\/div>\n\t\t\t\t<\/div>","protected":false},"excerpt":{"rendered":"<p>Impressum Rechtsanwalt Lars Kopp\u00a0Finkenstra\u00dfe 580333 M\u00fcnchen\u00a0E-Mail: kopp@kanzleifueralle.de\u00a0\u00a0Berufshaftpflichtversicherung: Die berufliche T\u00e4tigkeit ist abgesichert durch eine Verm\u00f6gensschaden-Haftpflichtversicherung bei der Markel Insurance SE, Sophienstra\u00dfe 33, 80333 M\u00fcnchen\u00a0\u00a0Rechtsanwalt Lars Kopp ist in der Bundesrepublik Deutschland als Rechtsanwalt zugelassen und Mitglied der Rechtsanwaltskammer f\u00fcr den Oberlandesgerichtsbezirk M\u00fcnchen, Tal 33, 80331 M\u00fcnchen (Telefon: +49 (89) 532 944-0; E-Mail: info@rak-muenchen.de, Webseite:\u00a0www.rak-muenchen.de)\u00a0 Berufsregeln:Rechtsanw\u00e4lte [&hellip;]<\/p>\n","protected":false},"author":1,"featured_media":0,"parent":0,"menu_order":0,"comment_status":"closed","ping_status":"closed","template":"","meta":{"footnotes":""},"class_list":["post-20","page","type-page","status-publish","hentry"],"yoast_head":"<!-- This site is optimized with the Yoast SEO plugin v26.9 - https:\/\/yoast.com\/product\/yoast-seo-wordpress\/ -->\n<title>Impressum - Kanzlei f\u00fcr Alle<\/title>\n<meta name=\"description\" content=\"Impressum der Kanzlei f\u00fcr Alle \u2013 Angaben gem\u00e4\u00df \u00a7 5 TMG, Kontakt, Verantwortliche und rechtliche Hinweise transparent und \u00fcbersichtlich.\" \/>\n<meta name=\"robots\" content=\"index, follow, max-snippet:-1, max-image-preview:large, max-video-preview:-1\" \/>\n<link rel=\"canonical\" href=\"https:\/\/kanzleifueralle.de\/de_ls\/impressum\/\" \/>\n<meta property=\"og:locale\" content=\"de_DE\" \/>\n<meta property=\"og:type\" content=\"article\" \/>\n<meta property=\"og:title\" content=\"Impressum - Kanzlei f\u00fcr Alle\" \/>\n<meta property=\"og:description\" content=\"Impressum der Kanzlei f\u00fcr Alle \u2013 Angaben gem\u00e4\u00df \u00a7 5 TMG, Kontakt, Verantwortliche und rechtliche Hinweise transparent und \u00fcbersichtlich.\" \/>\n<meta property=\"og:url\" content=\"https:\/\/kanzleifueralle.de\/de_ls\/impressum\/\" \/>\n<meta property=\"og:site_name\" content=\"Kanzlei f\u00fcr Alle\" \/>\n<meta property=\"article:modified_time\" content=\"2026-03-31T18:38:52+00:00\" \/>\n<meta name=\"twitter:card\" content=\"summary_large_image\" \/>\n<meta name=\"twitter:label1\" content=\"Gesch\u00e4tzte Lesezeit\" \/>\n\t<meta name=\"twitter:data1\" content=\"1 Minute\" \/>\n<script type=\"application\/ld+json\" class=\"yoast-schema-graph\">{\"@context\":\"https:\/\/schema.org\",\"@graph\":[{\"@type\":\"WebPage\",\"@id\":\"https:\/\/kanzleifueralle.de\/impressum\/\",\"url\":\"https:\/\/kanzleifueralle.de\/impressum\/\",\"name\":\"Impressum - Kanzlei f\u00fcr Alle\",\"isPartOf\":{\"@id\":\"https:\/\/kanzleifueralle.de\/#website\"},\"datePublished\":\"2026-02-02T18:12:17+00:00\",\"dateModified\":\"2026-03-31T18:38:52+00:00\",\"description\":\"Impressum der Kanzlei f\u00fcr Alle \u2013 Angaben gem\u00e4\u00df \u00a7 5 TMG, Kontakt, Verantwortliche und rechtliche Hinweise transparent und \u00fcbersichtlich.\",\"breadcrumb\":{\"@id\":\"https:\/\/kanzleifueralle.de\/impressum\/#breadcrumb\"},\"inLanguage\":\"de-AT\",\"potentialAction\":[{\"@type\":\"ReadAction\",\"target\":[\"https:\/\/kanzleifueralle.de\/impressum\/\"]}]},{\"@type\":\"BreadcrumbList\",\"@id\":\"https:\/\/kanzleifueralle.de\/impressum\/#breadcrumb\",\"itemListElement\":[{\"@type\":\"ListItem\",\"position\":1,\"name\":\"Start\",\"item\":\"https:\/\/kanzleifueralle.de\/\"},{\"@type\":\"ListItem\",\"position\":2,\"name\":\"Impressum\"}]},{\"@type\":\"WebSite\",\"@id\":\"https:\/\/kanzleifueralle.de\/#website\",\"url\":\"https:\/\/kanzleifueralle.de\/\",\"name\":\"Kanzlei f\u00fcr Alle\",\"description\":\"Weil Gerechtigkeit kein Privileg sein darf.\",\"publisher\":{\"@id\":\"https:\/\/kanzleifueralle.de\/#organization\"},\"potentialAction\":[{\"@type\":\"SearchAction\",\"target\":{\"@type\":\"EntryPoint\",\"urlTemplate\":\"https:\/\/kanzleifueralle.de\/?s={search_term_string}\"},\"query-input\":{\"@type\":\"PropertyValueSpecification\",\"valueRequired\":true,\"valueName\":\"search_term_string\"}}],\"inLanguage\":\"de-AT\"},{\"@type\":\"Organization\",\"@id\":\"https:\/\/kanzleifueralle.de\/#organization\",\"name\":\"Kanzlei f\u00fcr Alle\",\"url\":\"https:\/\/kanzleifueralle.de\/\",\"logo\":{\"@type\":\"ImageObject\",\"inLanguage\":\"de-AT\",\"@id\":\"https:\/\/kanzleifueralle.de\/#\/schema\/logo\/image\/\",\"url\":\"https:\/\/kanzleifueralle.de\/wp-content\/uploads\/2026\/02\/Kanzleifueralle-Logo.png\",\"contentUrl\":\"https:\/\/kanzleifueralle.de\/wp-content\/uploads\/2026\/02\/Kanzleifueralle-Logo.png\",\"width\":197,\"height\":57,\"caption\":\"Kanzlei f\u00fcr Alle\"},\"image\":{\"@id\":\"https:\/\/kanzleifueralle.de\/#\/schema\/logo\/image\/\"},\"sameAs\":[\"https:\/\/www.instagram.com\/kanzleifueralle\/\"]}]}<\/script>\n<!-- \/ Yoast SEO plugin. -->","yoast_head_json":{"title":"Impressum - Kanzlei f\u00fcr Alle","description":"Impressum der Kanzlei f\u00fcr Alle \u2013 Angaben gem\u00e4\u00df \u00a7 5 TMG, Kontakt, Verantwortliche und rechtliche Hinweise transparent und \u00fcbersichtlich.","robots":{"index":"index","follow":"follow","max-snippet":"max-snippet:-1","max-image-preview":"max-image-preview:large","max-video-preview":"max-video-preview:-1"},"canonical":"https:\/\/kanzleifueralle.de\/de_ls\/impressum\/","og_locale":"de_DE","og_type":"article","og_title":"Impressum - Kanzlei f\u00fcr Alle","og_description":"Impressum der Kanzlei f\u00fcr Alle \u2013 Angaben gem\u00e4\u00df \u00a7 5 TMG, Kontakt, Verantwortliche und rechtliche Hinweise transparent und \u00fcbersichtlich.","og_url":"https:\/\/kanzleifueralle.de\/de_ls\/impressum\/","og_site_name":"Kanzlei f\u00fcr Alle","article_modified_time":"2026-03-31T18:38:52+00:00","twitter_card":"summary_large_image","twitter_misc":{"Gesch\u00e4tzte Lesezeit":"1 Minute"},"schema":{"@context":"https:\/\/schema.org","@graph":[{"@type":"WebPage","@id":"https:\/\/kanzleifueralle.de\/impressum\/","url":"https:\/\/kanzleifueralle.de\/impressum\/","name":"Impressum - Kanzlei f\u00fcr Alle","isPartOf":{"@id":"https:\/\/kanzleifueralle.de\/#website"},"datePublished":"2026-02-02T18:12:17+00:00","dateModified":"2026-03-31T18:38:52+00:00","description":"Impressum der Kanzlei f\u00fcr Alle \u2013 Angaben gem\u00e4\u00df \u00a7 5 TMG, Kontakt, Verantwortliche und rechtliche Hinweise transparent und \u00fcbersichtlich.","breadcrumb":{"@id":"https:\/\/kanzleifueralle.de\/impressum\/#breadcrumb"},"inLanguage":"de-AT","potentialAction":[{"@type":"ReadAction","target":["https:\/\/kanzleifueralle.de\/impressum\/"]}]},{"@type":"BreadcrumbList","@id":"https:\/\/kanzleifueralle.de\/impressum\/#breadcrumb","itemListElement":[{"@type":"ListItem","position":1,"name":"Start","item":"https:\/\/kanzleifueralle.de\/"},{"@type":"ListItem","position":2,"name":"Impressum"}]},{"@type":"WebSite","@id":"https:\/\/kanzleifueralle.de\/#website","url":"https:\/\/kanzleifueralle.de\/","name":"Kanzlei f\u00fcr Alle","description":"Weil Gerechtigkeit kein Privileg sein darf.","publisher":{"@id":"https:\/\/kanzleifueralle.de\/#organization"},"potentialAction":[{"@type":"SearchAction","target":{"@type":"EntryPoint","urlTemplate":"https:\/\/kanzleifueralle.de\/?s={search_term_string}"},"query-input":{"@type":"PropertyValueSpecification","valueRequired":true,"valueName":"search_term_string"}}],"inLanguage":"de-AT"},{"@type":"Organization","@id":"https:\/\/kanzleifueralle.de\/#organization","name":"Kanzlei f\u00fcr Alle","url":"https:\/\/kanzleifueralle.de\/","logo":{"@type":"ImageObject","inLanguage":"de-AT","@id":"https:\/\/kanzleifueralle.de\/#\/schema\/logo\/image\/","url":"https:\/\/kanzleifueralle.de\/wp-content\/uploads\/2026\/02\/Kanzleifueralle-Logo.png","contentUrl":"https:\/\/kanzleifueralle.de\/wp-content\/uploads\/2026\/02\/Kanzleifueralle-Logo.png","width":197,"height":57,"caption":"Kanzlei f\u00fcr Alle"},"image":{"@id":"https:\/\/kanzleifueralle.de\/#\/schema\/logo\/image\/"},"sameAs":["https:\/\/www.instagram.com\/kanzleifueralle\/"]}]}},"_links":{"self":[{"href":"https:\/\/kanzleifueralle.de\/de_ls\/wp-json\/wp\/v2\/pages\/20","targetHints":{"allow":["GET"]}}],"collection":[{"href":"https:\/\/kanzleifueralle.de\/de_ls\/wp-json\/wp\/v2\/pages"}],"about":[{"href":"https:\/\/kanzleifueralle.de\/de_ls\/wp-json\/wp\/v2\/types\/page"}],"author":[{"embeddable":true,"href":"https:\/\/kanzleifueralle.de\/de_ls\/wp-json\/wp\/v2\/users\/1"}],"replies":[{"embeddable":true,"href":"https:\/\/kanzleifueralle.de\/de_ls\/wp-json\/wp\/v2\/comments?post=20"}],"version-history":[{"count":40,"href":"https:\/\/kanzleifueralle.de\/de_ls\/wp-json\/wp\/v2\/pages\/20\/revisions"}],"predecessor-version":[{"id":876,"href":"https:\/\/kanzleifueralle.de\/de_ls\/wp-json\/wp\/v2\/pages\/20\/revisions\/876"}],"wp:attachment":[{"href":"https:\/\/kanzleifueralle.de\/de_ls\/wp-json\/wp\/v2\/media?parent=20"}],"curies":[{"name":"wp","href":"https:\/\/api.w.org\/{rel}","templated":true}]}}