{"id":24,"date":"2026-02-02T19:12:36","date_gmt":"2026-02-02T18:12:36","guid":{"rendered":"https:\/\/kanzleifueralle.de\/?page_id=24"},"modified":"2026-04-08T15:40:27","modified_gmt":"2026-04-08T13:40:27","slug":"philosophie","status":"publish","type":"page","link":"https:\/\/kanzleifueralle.de\/de_ls\/philosophie\/","title":{"rendered":"Philosophie"},"content":{"rendered":"<div data-elementor-type=\"wp-page\" data-elementor-id=\"24\" class=\"elementor elementor-24\" data-elementor-post-type=\"page\">\n\t\t\t\t<div class=\"elementor-element elementor-element-4d7045d e-con-full e-flex elementor-invisible e-con e-parent\" data-id=\"4d7045d\" data-element_type=\"container\" data-e-type=\"container\" data-settings=\"{&quot;background_background&quot;:&quot;classic&quot;,&quot;animation&quot;:&quot;fadeIn&quot;}\">\n\t\t<div class=\"elementor-element elementor-element-903bc78 e-flex e-con-boxed e-con e-child\" data-id=\"903bc78\" data-element_type=\"container\" data-e-type=\"container\">\n\t\t\t\t\t<div class=\"e-con-inner\">\n\t\t<div class=\"elementor-element elementor-element-2d605d2 e-con-full e-flex e-con e-child\" data-id=\"2d605d2\" data-element_type=\"container\" data-e-type=\"container\">\n\t\t\t\t<\/div>\n\t\t\t\t\t<\/div>\n\t\t\t\t<\/div>\n\t\t\t\t<\/div>\n\t\t<div class=\"elementor-element elementor-element-6ce44c0 e-con-full e-flex elementor-invisible e-con e-parent\" data-id=\"6ce44c0\" data-element_type=\"container\" data-e-type=\"container\" data-settings=\"{&quot;background_background&quot;:&quot;classic&quot;,&quot;animation&quot;:&quot;fadeIn&quot;}\">\n\t\t<div class=\"elementor-element elementor-element-16e66d5 e-flex e-con-boxed e-con e-child\" data-id=\"16e66d5\" data-element_type=\"container\" data-e-type=\"container\">\n\t\t\t\t\t<div class=\"e-con-inner\">\n\t\t<div class=\"elementor-element elementor-element-37735b2 e-con-full e-flex e-con e-child\" data-id=\"37735b2\" data-element_type=\"container\" data-e-type=\"container\">\n\t\t\t\t<div class=\"elementor-element elementor-element-92bdb7c elementor-widget elementor-widget-spacer\" data-id=\"92bdb7c\" data-element_type=\"widget\" data-e-type=\"widget\" data-widget_type=\"spacer.default\">\n\t\t\t\t\t\t\t<div class=\"elementor-spacer\">\n\t\t\t<div class=\"elementor-spacer-inner\"><\/div>\n\t\t<\/div>\n\t\t\t\t\t\t<\/div>\n\t\t\t\t<\/div>\n\t\t\t\t\t<\/div>\n\t\t\t\t<\/div>\n\t\t\t\t<\/div>\n\t\t<div class=\"elementor-element elementor-element-4e6a06d e-flex e-con-boxed elementor-invisible e-con e-parent\" data-id=\"4e6a06d\" data-element_type=\"container\" data-e-type=\"container\" data-settings=\"{&quot;background_background&quot;:&quot;classic&quot;,&quot;animation&quot;:&quot;fadeIn&quot;}\">\n\t\t\t\t\t<div class=\"e-con-inner\">\n\t\t<div class=\"elementor-element elementor-element-262b84c e-con-full e-flex e-con e-child\" data-id=\"262b84c\" data-element_type=\"container\" data-e-type=\"container\">\n\t\t\t\t<div class=\"elementor-element elementor-element-feecfef elementor-mobile-align-justify elementor-align-justify elementor-widget elementor-widget-button\" data-id=\"feecfef\" data-element_type=\"widget\" data-e-type=\"widget\" data-widget_type=\"button.default\">\n\t\t\t\t\t\t\t\t\t\t<a class=\"elementor-button elementor-button-link elementor-size-sm elementor-animation-grow\" href=\"\/de_ls\/story\/\">\n\t\t\t\t\t\t<span class=\"elementor-button-content-wrapper\">\n\t\t\t\t\t\t\t\t\t<span class=\"elementor-button-text\">STORY<\/span>\n\t\t\t\t\t<\/span>\n\t\t\t\t\t<\/a>\n\t\t\t\t\t\t\t\t<\/div>\n\t\t\t\t<\/div>\n\t\t<div class=\"elementor-element elementor-element-b224e1b e-con-full e-flex e-con e-child\" data-id=\"b224e1b\" data-element_type=\"container\" data-e-type=\"container\">\n\t\t\t\t<div class=\"elementor-element elementor-element-bf98530 elementor-mobile-align-justify elementor-align-justify elementor-widget elementor-widget-button\" data-id=\"bf98530\" data-element_type=\"widget\" data-e-type=\"widget\" data-widget_type=\"button.default\">\n\t\t\t\t\t\t\t\t\t\t<a class=\"elementor-button elementor-button-link elementor-size-sm elementor-animation-grow\" href=\"\/de_ls\/philosophie\/\">\n\t\t\t\t\t\t<span class=\"elementor-button-content-wrapper\">\n\t\t\t\t\t\t\t\t\t<span class=\"elementor-button-text\">PHILOSOPHIE<\/span>\n\t\t\t\t\t<\/span>\n\t\t\t\t\t<\/a>\n\t\t\t\t\t\t\t\t<\/div>\n\t\t\t\t<\/div>\n\t\t<div class=\"elementor-element elementor-element-fc460cd e-con-full e-flex e-con e-child\" data-id=\"fc460cd\" data-element_type=\"container\" data-e-type=\"container\">\n\t\t\t\t<div class=\"elementor-element elementor-element-ac1c15e elementor-mobile-align-justify elementor-align-justify elementor-widget elementor-widget-button\" data-id=\"ac1c15e\" data-element_type=\"widget\" data-e-type=\"widget\" data-widget_type=\"button.default\">\n\t\t\t\t\t\t\t\t\t\t<a class=\"elementor-button elementor-button-link elementor-size-sm elementor-animation-grow\" href=\"\/de_ls\/magazin\/\">\n\t\t\t\t\t\t<span class=\"elementor-button-content-wrapper\">\n\t\t\t\t\t\t\t\t\t<span class=\"elementor-button-text\">MAGAZIN<\/span>\n\t\t\t\t\t<\/span>\n\t\t\t\t\t<\/a>\n\t\t\t\t\t\t\t\t<\/div>\n\t\t\t\t<\/div>\n\t\t\t\t\t<\/div>\n\t\t\t\t<\/div>\n\t\t<div class=\"elementor-element elementor-element-dfcd263 e-con-full e-flex elementor-invisible e-con e-parent\" data-id=\"dfcd263\" data-element_type=\"container\" data-e-type=\"container\" data-settings=\"{&quot;animation&quot;:&quot;fadeIn&quot;}\">\n\t\t<div class=\"elementor-element elementor-element-17bdd6a e-con-full e-flex e-con e-child\" data-id=\"17bdd6a\" data-element_type=\"container\" data-e-type=\"container\" data-settings=\"{&quot;background_background&quot;:&quot;classic&quot;}\">\n\t\t\t\t<div class=\"elementor-element elementor-element-51596be elementor-widget elementor-widget-heading\" data-id=\"51596be\" data-element_type=\"widget\" data-e-type=\"widget\" data-widget_type=\"heading.default\">\n\t\t\t\t\t<h1 class=\"elementor-heading-title elementor-size-default\">Meine<\/h1>\t\t\t\t<\/div>\n\t\t\t\t<div class=\"elementor-element elementor-element-1683a7c elementor-widget elementor-widget-heading\" data-id=\"1683a7c\" data-element_type=\"widget\" data-e-type=\"widget\" data-widget_type=\"heading.default\">\n\t\t\t\t\t<h1 class=\"elementor-heading-title elementor-size-default\">Philosophie<\/h1>\t\t\t\t<\/div>\n\t\t\t\t<div class=\"elementor-element elementor-element-ff895a5 elementor-widget elementor-widget-text-editor\" data-id=\"ff895a5\" data-element_type=\"widget\" data-e-type=\"widget\" data-widget_type=\"text-editor.default\">\n\t\t\t\t\t\t\t\t\t<p>Die Kanzlei Kopp hat eine klare \u00dcberzeugung: <strong>Recht soll f\u00fcr alle da sein.\u00a0<\/strong><\/p><p>\u00a0<\/p><p>Ein Anwalt ist kein Luxus. Jeder Mensch sollte Hilfe bekommen k\u00f6nnen, wenn er sie braucht. Nur so kann ein Rechtssystem gut funktionieren.\u00a0<\/p><p>\u00a0<\/p><p>Ich m\u00f6chte deine Probleme verstehen, dich unterst\u00fctzen und deine Rechte sch\u00fctzen.\u00a0<\/p><p>\u00a0<\/p><p>Als Anwalt habe ich auch Verantwortung f\u00fcr die Gesellschaft. Es geht mir nicht nur um deine Akte, sondern auch darum, dich und dein Leben zu verstehen.\u00a0<\/p>\t\t\t\t\t\t\t\t<\/div>\n\t\t\t\t<div class=\"elementor-element elementor-element-8b6eecb elementor-hidden-desktop elementor-hidden-laptop elementor-hidden-tablet elementor-widget elementor-widget-spacer\" data-id=\"8b6eecb\" data-element_type=\"widget\" data-e-type=\"widget\" data-widget_type=\"spacer.default\">\n\t\t\t\t\t\t\t<div class=\"elementor-spacer\">\n\t\t\t<div class=\"elementor-spacer-inner\"><\/div>\n\t\t<\/div>\n\t\t\t\t\t\t<\/div>\n\t\t\t\t<div class=\"elementor-element elementor-element-3e7344f elementor-widget elementor-widget-heading\" data-id=\"3e7344f\" data-element_type=\"widget\" data-e-type=\"widget\" data-widget_type=\"heading.default\">\n\t\t\t\t\t<h2 class=\"elementor-heading-title elementor-size-default\">Meine Arbeitsschwerpunkte sind:<\/h2>\t\t\t\t<\/div>\n\t\t\t\t<div class=\"elementor-element elementor-element-ccdd432 elementor-widget-mobile__width-initial elementor-widget elementor-widget-text-editor\" data-id=\"ccdd432\" data-element_type=\"widget\" data-e-type=\"widget\" data-widget_type=\"text-editor.default\">\n\t\t\t\t\t\t\t\t\t\n \t<li>Steuerrecht<\/li>\n \t<li>Mietrecht<\/li>\n \t<li>Arbeitsrecht<\/li>\n \t<li>Strafrecht<\/li>\n\t\t\t\t\t\t\t\t<\/div>\n\t\t\t\t<div class=\"elementor-element elementor-element-02bf8e9 elementor-hidden-desktop elementor-hidden-laptop elementor-hidden-tablet elementor-widget elementor-widget-spacer\" data-id=\"02bf8e9\" data-element_type=\"widget\" data-e-type=\"widget\" data-widget_type=\"spacer.default\">\n\t\t\t\t\t\t\t<div class=\"elementor-spacer\">\n\t\t\t<div class=\"elementor-spacer-inner\"><\/div>\n\t\t<\/div>\n\t\t\t\t\t\t<\/div>\n\t\t\t\t<div class=\"elementor-element elementor-element-400671c elementor-widget elementor-widget-text-editor\" data-id=\"400671c\" data-element_type=\"widget\" data-e-type=\"widget\" data-widget_type=\"text-editor.default\">\n\t\t\t\t\t\t\t\t\t<p class=\"translation-block\">Die Kanzlei ist f\u00fcr alle Menschen offen \u2013 egal woher du kommst, wie viel Geld du hast, welches Geschlecht du hast, wen du liebst oder woran du glaubst.<br><br>\n\nDiskriminierung und Ausgrenzung haben hier keinen Platz.<br><br>\n\nIch biete eine ganzheitliche Beratung an.<br><br>\n\nDas bedeutet:\nRechtliche Probleme h\u00e4ngen oft mit dem eigenen Leben zusammen \u2013 zum Beispiel mit der Arbeit, der Wohnung, der Familie oder dem Umgang mit Beh\u00f6rden.<br><br>\n\nDeshalb schaue ich nicht nur auf die Gesetze, sondern auch darauf, wie sich dein Problem auf dein Leben auswirkt.<br><br>\n\nMein Ziel ist es, dich zu st\u00e4rken und dir zu zeigen, welche M\u00f6glichkeiten du hast.<\/p>\t\t\t\t\t\t\t\t<\/div>\n\t\t\t\t<\/div>\n\t\t<div class=\"elementor-element elementor-element-807a973 e-con-full e-flex e-con e-child\" data-id=\"807a973\" data-element_type=\"container\" data-e-type=\"container\" data-settings=\"{&quot;background_background&quot;:&quot;classic&quot;}\">\n\t\t\t\t<div class=\"elementor-element elementor-element-d33ae3f elementor-widget elementor-widget-image\" data-id=\"d33ae3f\" data-element_type=\"widget\" data-e-type=\"widget\" data-widget_type=\"image.default\">\n\t\t\t\t\t\t\t\t\t\t\t\t\t\t\t<img fetchpriority=\"high\" decoding=\"async\" width=\"567\" height=\"445\" src=\"https:\/\/kanzleifueralle.de\/wp-content\/uploads\/2026\/02\/Kanzlei-fuer-Alle-Philosophie.png\" class=\"attachment-large size-large wp-image-350\" alt=\"Kanzlei fu\u0308r Alle Philosophie\" srcset=\"https:\/\/kanzleifueralle.de\/wp-content\/uploads\/2026\/02\/Kanzlei-fuer-Alle-Philosophie.png 567w, https:\/\/kanzleifueralle.de\/wp-content\/uploads\/2026\/02\/Kanzlei-fuer-Alle-Philosophie-300x235.png 300w\" sizes=\"(max-width: 567px) 100vw, 567px\" \/>\t\t\t\t\t\t\t\t\t\t\t\t\t\t\t<\/div>\n\t\t\t\t<div class=\"elementor-element elementor-element-91fc85e elementor-widget elementor-widget-heading\" data-id=\"91fc85e\" data-element_type=\"widget\" data-e-type=\"widget\" data-widget_type=\"heading.default\">\n\t\t\t\t\t<h2 class=\"elementor-heading-title elementor-size-default\"><b>Meine Kanzlei soll<\/br>f\u00fcr alle leicht erreichbar sein.<\/b><\/h2>\t\t\t\t<\/div>\n\t\t\t\t<div class=\"elementor-element elementor-element-32ab755 elementor-widget elementor-widget-text-editor\" data-id=\"32ab755\" data-element_type=\"widget\" data-e-type=\"widget\" data-widget_type=\"text-editor.default\">\n\t\t\t\t\t\t\t\t\t<p>Ich bearbeite auch andere Rechtsgebiete, wenn du danach fragst. Wenn ich dir nicht selbst helfen kann, vermittle ich dich an vertrauensw\u00fcrdige Kolleginnen und Kollegen weiter.<\/p><p>\u00a0<\/p><p>In Zukunft soll die Kanzlei mehr sein als nur ein Ort f\u00fcr rechtliche Hilfe.\nSie soll auch ein Ort sein, an dem man etwas \u00fcber Recht lernen und sich austauschen kann.\u00a0<\/p><p>\u00a0<\/p><p>Daf\u00fcr plane ich Vortr\u00e4ge, Workshops und digitale Angebote.\nSo soll Wissen \u00fcber Recht dort ankommen, wo es gebraucht wird \u2013 bei den Menschen im Alltag.\u00a0<\/p><p><br \/>Denn eine Demokratie funktioniert nur gut, wenn viele Menschen das Recht verstehen und sich darin sicher bewegen k\u00f6nnen.<\/p>\t\t\t\t\t\t\t\t<\/div>\n\t\t\t\t<div class=\"elementor-element elementor-element-426f4e3 elementor-mobile-align-center elementor-tablet-align-center elementor-widget elementor-widget-button\" data-id=\"426f4e3\" data-element_type=\"widget\" data-e-type=\"widget\" data-widget_type=\"button.default\">\n\t\t\t\t\t\t\t\t\t\t<a class=\"elementor-button elementor-button-link elementor-size-sm elementor-animation-grow\" href=\"#kontakt\">\n\t\t\t\t\t\t<span class=\"elementor-button-content-wrapper\">\n\t\t\t\t\t\t\t\t\t<span class=\"elementor-button-text\">KONTAKTIERE MICH<\/span>\n\t\t\t\t\t<\/span>\n\t\t\t\t\t<\/a>\n\t\t\t\t\t\t\t\t<\/div>\n\t\t\t\t<\/div>\n\t\t\t\t<\/div>\n\t\t<div class=\"elementor-element elementor-element-af84e6a e-con-full e-flex elementor-invisible e-con e-parent\" data-id=\"af84e6a\" data-element_type=\"container\" data-e-type=\"container\" data-settings=\"{&quot;background_background&quot;:&quot;classic&quot;,&quot;animation&quot;:&quot;fadeIn&quot;}\">\n\t\t\t\t<\/div>\n\t\t\t\t<\/div>","protected":false},"excerpt":{"rendered":"<p>STORY PHILOSOPHIE MAGAZIN Meine Philosophie Die Kanzlei Kopp folgt einer einfachen, aber konsequenten \u00dcberzeugung: Recht darf kein Privileg sein.\u00a0 \u00a0 Anwaltliche Hilfe ist kein Statussymbol, sondern eine Grundvoraussetzung eines funktionierenden Rechtssystems.\u00a0 \u00a0 Ich m\u00f6chte daher deine rechtlichen Herausforderungen verstehen, dich vertreten und deine Rechte wahren.\u00a0 \u00a0 Rechtsanw\u00e4ltinnen und Rechtsanw\u00e4lte tragen Verantwortung f\u00fcr das Gemeinwesen. Meine [&hellip;]<\/p>\n","protected":false},"author":1,"featured_media":0,"parent":0,"menu_order":0,"comment_status":"closed","ping_status":"closed","template":"","meta":{"footnotes":""},"class_list":["post-24","page","type-page","status-publish","hentry"],"yoast_head":"<!-- This site is optimized with the Yoast SEO plugin v26.9 - https:\/\/yoast.com\/product\/yoast-seo-wordpress\/ -->\n<title>Philosophie - Kanzlei f\u00fcr Alle<\/title>\n<meta name=\"description\" content=\"Unsere Philosophie: Weil Gerechtigkeit kein Privileg sein darf. Die Kanzlei f\u00fcr Alle steht f\u00fcr Zuh\u00f6ren, Verst\u00e4ndlichkeit und Einsatz auf Augenh\u00f6he.\" \/>\n<meta name=\"robots\" content=\"index, follow, max-snippet:-1, max-image-preview:large, max-video-preview:-1\" \/>\n<link rel=\"canonical\" href=\"https:\/\/kanzleifueralle.de\/de_ls\/philosophie\/\" \/>\n<meta property=\"og:locale\" content=\"de_DE\" \/>\n<meta property=\"og:type\" content=\"article\" \/>\n<meta property=\"og:title\" content=\"Philosophie - Kanzlei f\u00fcr Alle\" \/>\n<meta property=\"og:description\" content=\"Unsere Philosophie: Weil Gerechtigkeit kein Privileg sein darf. Die Kanzlei f\u00fcr Alle steht f\u00fcr Zuh\u00f6ren, Verst\u00e4ndlichkeit und Einsatz auf Augenh\u00f6he.\" \/>\n<meta property=\"og:url\" content=\"https:\/\/kanzleifueralle.de\/de_ls\/philosophie\/\" \/>\n<meta property=\"og:site_name\" content=\"Kanzlei f\u00fcr Alle\" \/>\n<meta property=\"article:modified_time\" content=\"2026-04-08T13:40:27+00:00\" \/>\n<meta property=\"og:image\" content=\"https:\/\/kanzleifueralle.de\/wp-content\/uploads\/2026\/02\/Kanzlei-fuer-Alle-Philosophie.png\" \/>\n\t<meta property=\"og:image:width\" content=\"567\" \/>\n\t<meta property=\"og:image:height\" content=\"445\" \/>\n\t<meta property=\"og:image:type\" content=\"image\/png\" \/>\n<meta name=\"twitter:card\" content=\"summary_large_image\" \/>\n<meta name=\"twitter:label1\" content=\"Gesch\u00e4tzte Lesezeit\" \/>\n\t<meta name=\"twitter:data1\" content=\"2 Minuten\" \/>\n<script type=\"application\/ld+json\" class=\"yoast-schema-graph\">{\"@context\":\"https:\/\/schema.org\",\"@graph\":[{\"@type\":\"WebPage\",\"@id\":\"https:\/\/kanzleifueralle.de\/philosophie\/\",\"url\":\"https:\/\/kanzleifueralle.de\/philosophie\/\",\"name\":\"Philosophie - Kanzlei f\u00fcr Alle\",\"isPartOf\":{\"@id\":\"https:\/\/kanzleifueralle.de\/#website\"},\"primaryImageOfPage\":{\"@id\":\"https:\/\/kanzleifueralle.de\/philosophie\/#primaryimage\"},\"image\":{\"@id\":\"https:\/\/kanzleifueralle.de\/philosophie\/#primaryimage\"},\"thumbnailUrl\":\"https:\/\/kanzleifueralle.de\/wp-content\/uploads\/2026\/02\/Kanzlei-fuer-Alle-Philosophie.png\",\"datePublished\":\"2026-02-02T18:12:36+00:00\",\"dateModified\":\"2026-04-08T13:40:27+00:00\",\"description\":\"Unsere Philosophie: Weil Gerechtigkeit kein Privileg sein darf. Die Kanzlei f\u00fcr Alle steht f\u00fcr Zuh\u00f6ren, Verst\u00e4ndlichkeit und Einsatz auf Augenh\u00f6he.\",\"breadcrumb\":{\"@id\":\"https:\/\/kanzleifueralle.de\/philosophie\/#breadcrumb\"},\"inLanguage\":\"de-AT\",\"potentialAction\":[{\"@type\":\"ReadAction\",\"target\":[\"https:\/\/kanzleifueralle.de\/philosophie\/\"]}]},{\"@type\":\"ImageObject\",\"inLanguage\":\"de-AT\",\"@id\":\"https:\/\/kanzleifueralle.de\/philosophie\/#primaryimage\",\"url\":\"https:\/\/kanzleifueralle.de\/wp-content\/uploads\/2026\/02\/Kanzlei-fuer-Alle-Philosophie.png\",\"contentUrl\":\"https:\/\/kanzleifueralle.de\/wp-content\/uploads\/2026\/02\/Kanzlei-fuer-Alle-Philosophie.png\"},{\"@type\":\"BreadcrumbList\",\"@id\":\"https:\/\/kanzleifueralle.de\/philosophie\/#breadcrumb\",\"itemListElement\":[{\"@type\":\"ListItem\",\"position\":1,\"name\":\"Start\",\"item\":\"https:\/\/kanzleifueralle.de\/\"},{\"@type\":\"ListItem\",\"position\":2,\"name\":\"Philosophie\"}]},{\"@type\":\"WebSite\",\"@id\":\"https:\/\/kanzleifueralle.de\/#website\",\"url\":\"https:\/\/kanzleifueralle.de\/\",\"name\":\"Kanzlei f\u00fcr Alle\",\"description\":\"Weil Gerechtigkeit kein Privileg sein darf.\",\"publisher\":{\"@id\":\"https:\/\/kanzleifueralle.de\/#organization\"},\"potentialAction\":[{\"@type\":\"SearchAction\",\"target\":{\"@type\":\"EntryPoint\",\"urlTemplate\":\"https:\/\/kanzleifueralle.de\/?s={search_term_string}\"},\"query-input\":{\"@type\":\"PropertyValueSpecification\",\"valueRequired\":true,\"valueName\":\"search_term_string\"}}],\"inLanguage\":\"de-AT\"},{\"@type\":\"Organization\",\"@id\":\"https:\/\/kanzleifueralle.de\/#organization\",\"name\":\"Kanzlei f\u00fcr Alle\",\"url\":\"https:\/\/kanzleifueralle.de\/\",\"logo\":{\"@type\":\"ImageObject\",\"inLanguage\":\"de-AT\",\"@id\":\"https:\/\/kanzleifueralle.de\/#\/schema\/logo\/image\/\",\"url\":\"https:\/\/kanzleifueralle.de\/wp-content\/uploads\/2026\/02\/Kanzleifueralle-Logo.png\",\"contentUrl\":\"https:\/\/kanzleifueralle.de\/wp-content\/uploads\/2026\/02\/Kanzleifueralle-Logo.png\",\"width\":197,\"height\":57,\"caption\":\"Kanzlei f\u00fcr Alle\"},\"image\":{\"@id\":\"https:\/\/kanzleifueralle.de\/#\/schema\/logo\/image\/\"},\"sameAs\":[\"https:\/\/www.instagram.com\/kanzleifueralle\/\"]}]}<\/script>\n<!-- \/ Yoast SEO plugin. -->","yoast_head_json":{"title":"Philosophie - Kanzlei f\u00fcr Alle","description":"Unsere Philosophie: Weil Gerechtigkeit kein Privileg sein darf. Die Kanzlei f\u00fcr Alle steht f\u00fcr Zuh\u00f6ren, Verst\u00e4ndlichkeit und Einsatz auf Augenh\u00f6he.","robots":{"index":"index","follow":"follow","max-snippet":"max-snippet:-1","max-image-preview":"max-image-preview:large","max-video-preview":"max-video-preview:-1"},"canonical":"https:\/\/kanzleifueralle.de\/de_ls\/philosophie\/","og_locale":"de_DE","og_type":"article","og_title":"Philosophie - Kanzlei f\u00fcr Alle","og_description":"Unsere Philosophie: Weil Gerechtigkeit kein Privileg sein darf. Die Kanzlei f\u00fcr Alle steht f\u00fcr Zuh\u00f6ren, Verst\u00e4ndlichkeit und Einsatz auf Augenh\u00f6he.","og_url":"https:\/\/kanzleifueralle.de\/de_ls\/philosophie\/","og_site_name":"Kanzlei f\u00fcr Alle","article_modified_time":"2026-04-08T13:40:27+00:00","og_image":[{"width":567,"height":445,"url":"https:\/\/kanzleifueralle.de\/wp-content\/uploads\/2026\/02\/Kanzlei-fuer-Alle-Philosophie.png","type":"image\/png"}],"twitter_card":"summary_large_image","twitter_misc":{"Gesch\u00e4tzte Lesezeit":"2 Minuten"},"schema":{"@context":"https:\/\/schema.org","@graph":[{"@type":"WebPage","@id":"https:\/\/kanzleifueralle.de\/philosophie\/","url":"https:\/\/kanzleifueralle.de\/philosophie\/","name":"Philosophie - Kanzlei f\u00fcr Alle","isPartOf":{"@id":"https:\/\/kanzleifueralle.de\/#website"},"primaryImageOfPage":{"@id":"https:\/\/kanzleifueralle.de\/philosophie\/#primaryimage"},"image":{"@id":"https:\/\/kanzleifueralle.de\/philosophie\/#primaryimage"},"thumbnailUrl":"https:\/\/kanzleifueralle.de\/wp-content\/uploads\/2026\/02\/Kanzlei-fuer-Alle-Philosophie.png","datePublished":"2026-02-02T18:12:36+00:00","dateModified":"2026-04-08T13:40:27+00:00","description":"Unsere Philosophie: Weil Gerechtigkeit kein Privileg sein darf. Die Kanzlei f\u00fcr Alle steht f\u00fcr Zuh\u00f6ren, Verst\u00e4ndlichkeit und Einsatz auf Augenh\u00f6he.","breadcrumb":{"@id":"https:\/\/kanzleifueralle.de\/philosophie\/#breadcrumb"},"inLanguage":"de-AT","potentialAction":[{"@type":"ReadAction","target":["https:\/\/kanzleifueralle.de\/philosophie\/"]}]},{"@type":"ImageObject","inLanguage":"de-AT","@id":"https:\/\/kanzleifueralle.de\/philosophie\/#primaryimage","url":"https:\/\/kanzleifueralle.de\/wp-content\/uploads\/2026\/02\/Kanzlei-fuer-Alle-Philosophie.png","contentUrl":"https:\/\/kanzleifueralle.de\/wp-content\/uploads\/2026\/02\/Kanzlei-fuer-Alle-Philosophie.png"},{"@type":"BreadcrumbList","@id":"https:\/\/kanzleifueralle.de\/philosophie\/#breadcrumb","itemListElement":[{"@type":"ListItem","position":1,"name":"Start","item":"https:\/\/kanzleifueralle.de\/"},{"@type":"ListItem","position":2,"name":"Philosophie"}]},{"@type":"WebSite","@id":"https:\/\/kanzleifueralle.de\/#website","url":"https:\/\/kanzleifueralle.de\/","name":"Kanzlei f\u00fcr Alle","description":"Weil Gerechtigkeit kein Privileg sein darf.","publisher":{"@id":"https:\/\/kanzleifueralle.de\/#organization"},"potentialAction":[{"@type":"SearchAction","target":{"@type":"EntryPoint","urlTemplate":"https:\/\/kanzleifueralle.de\/?s={search_term_string}"},"query-input":{"@type":"PropertyValueSpecification","valueRequired":true,"valueName":"search_term_string"}}],"inLanguage":"de-AT"},{"@type":"Organization","@id":"https:\/\/kanzleifueralle.de\/#organization","name":"Kanzlei f\u00fcr Alle","url":"https:\/\/kanzleifueralle.de\/","logo":{"@type":"ImageObject","inLanguage":"de-AT","@id":"https:\/\/kanzleifueralle.de\/#\/schema\/logo\/image\/","url":"https:\/\/kanzleifueralle.de\/wp-content\/uploads\/2026\/02\/Kanzleifueralle-Logo.png","contentUrl":"https:\/\/kanzleifueralle.de\/wp-content\/uploads\/2026\/02\/Kanzleifueralle-Logo.png","width":197,"height":57,"caption":"Kanzlei f\u00fcr Alle"},"image":{"@id":"https:\/\/kanzleifueralle.de\/#\/schema\/logo\/image\/"},"sameAs":["https:\/\/www.instagram.com\/kanzleifueralle\/"]}]}},"_links":{"self":[{"href":"https:\/\/kanzleifueralle.de\/de_ls\/wp-json\/wp\/v2\/pages\/24","targetHints":{"allow":["GET"]}}],"collection":[{"href":"https:\/\/kanzleifueralle.de\/de_ls\/wp-json\/wp\/v2\/pages"}],"about":[{"href":"https:\/\/kanzleifueralle.de\/de_ls\/wp-json\/wp\/v2\/types\/page"}],"author":[{"embeddable":true,"href":"https:\/\/kanzleifueralle.de\/de_ls\/wp-json\/wp\/v2\/users\/1"}],"replies":[{"embeddable":true,"href":"https:\/\/kanzleifueralle.de\/de_ls\/wp-json\/wp\/v2\/comments?post=24"}],"version-history":[{"count":91,"href":"https:\/\/kanzleifueralle.de\/de_ls\/wp-json\/wp\/v2\/pages\/24\/revisions"}],"predecessor-version":[{"id":1008,"href":"https:\/\/kanzleifueralle.de\/de_ls\/wp-json\/wp\/v2\/pages\/24\/revisions\/1008"}],"wp:attachment":[{"href":"https:\/\/kanzleifueralle.de\/de_ls\/wp-json\/wp\/v2\/media?parent=24"}],"curies":[{"name":"wp","href":"https:\/\/api.w.org\/{rel}","templated":true}]}}