{"id":440,"date":"2026-02-17T19:15:54","date_gmt":"2026-02-17T18:15:54","guid":{"rendered":"https:\/\/kanzleifueralle.de\/?page_id=440"},"modified":"2026-04-08T15:40:51","modified_gmt":"2026-04-08T13:40:51","slug":"story","status":"publish","type":"page","link":"https:\/\/kanzleifueralle.de\/de_ls\/story\/","title":{"rendered":"Story"},"content":{"rendered":"<div data-elementor-type=\"wp-page\" data-elementor-id=\"440\" class=\"elementor elementor-440\" data-elementor-post-type=\"page\">\n\t\t\t\t<div class=\"elementor-element elementor-element-229d942 e-con-full e-flex elementor-invisible e-con e-parent\" data-id=\"229d942\" data-element_type=\"container\" data-e-type=\"container\" data-settings=\"{&quot;background_background&quot;:&quot;classic&quot;,&quot;animation&quot;:&quot;fadeIn&quot;}\">\n\t\t<div class=\"elementor-element elementor-element-47c9680 e-flex e-con-boxed e-con e-child\" data-id=\"47c9680\" data-element_type=\"container\" data-e-type=\"container\">\n\t\t\t\t\t<div class=\"e-con-inner\">\n\t\t<div class=\"elementor-element elementor-element-c72a16b e-con-full e-flex e-con e-child\" data-id=\"c72a16b\" data-element_type=\"container\" data-e-type=\"container\">\n\t\t\t\t<\/div>\n\t\t\t\t\t<\/div>\n\t\t\t\t<\/div>\n\t\t\t\t<\/div>\n\t\t<div class=\"elementor-element elementor-element-bb570a1 e-con-full e-flex elementor-invisible e-con e-parent\" data-id=\"bb570a1\" data-element_type=\"container\" data-e-type=\"container\" data-settings=\"{&quot;background_background&quot;:&quot;classic&quot;,&quot;animation&quot;:&quot;fadeIn&quot;}\">\n\t\t<div class=\"elementor-element elementor-element-0be9089 e-flex e-con-boxed e-con e-child\" data-id=\"0be9089\" data-element_type=\"container\" data-e-type=\"container\">\n\t\t\t\t\t<div class=\"e-con-inner\">\n\t\t<div class=\"elementor-element elementor-element-bf6f813 e-con-full e-flex e-con e-child\" data-id=\"bf6f813\" data-element_type=\"container\" data-e-type=\"container\">\n\t\t\t\t<div class=\"elementor-element elementor-element-08f1e65 elementor-widget elementor-widget-spacer\" data-id=\"08f1e65\" data-element_type=\"widget\" data-e-type=\"widget\" data-widget_type=\"spacer.default\">\n\t\t\t\t\t\t\t<div class=\"elementor-spacer\">\n\t\t\t<div class=\"elementor-spacer-inner\"><\/div>\n\t\t<\/div>\n\t\t\t\t\t\t<\/div>\n\t\t\t\t<\/div>\n\t\t\t\t\t<\/div>\n\t\t\t\t<\/div>\n\t\t\t\t<\/div>\n\t\t<div class=\"elementor-element elementor-element-579084d e-flex e-con-boxed elementor-invisible e-con e-parent\" data-id=\"579084d\" data-element_type=\"container\" data-e-type=\"container\" data-settings=\"{&quot;background_background&quot;:&quot;classic&quot;,&quot;animation&quot;:&quot;fadeIn&quot;}\">\n\t\t\t\t\t<div class=\"e-con-inner\">\n\t\t<div class=\"elementor-element elementor-element-ba52522 e-con-full e-flex e-con e-child\" data-id=\"ba52522\" data-element_type=\"container\" data-e-type=\"container\">\n\t\t\t\t<div class=\"elementor-element elementor-element-78e44f9 elementor-mobile-align-justify elementor-align-justify elementor-widget elementor-widget-button\" data-id=\"78e44f9\" data-element_type=\"widget\" data-e-type=\"widget\" data-widget_type=\"button.default\">\n\t\t\t\t\t\t\t\t\t\t<a class=\"elementor-button elementor-button-link elementor-size-sm elementor-animation-grow\" href=\"\/de_ls\/story\/\">\n\t\t\t\t\t\t<span class=\"elementor-button-content-wrapper\">\n\t\t\t\t\t\t\t\t\t<span class=\"elementor-button-text\">STORY<\/span>\n\t\t\t\t\t<\/span>\n\t\t\t\t\t<\/a>\n\t\t\t\t\t\t\t\t<\/div>\n\t\t\t\t<\/div>\n\t\t<div class=\"elementor-element elementor-element-8c448d6 e-con-full e-flex e-con e-child\" data-id=\"8c448d6\" data-element_type=\"container\" data-e-type=\"container\">\n\t\t\t\t<div class=\"elementor-element elementor-element-e982493 elementor-mobile-align-justify elementor-align-justify elementor-widget elementor-widget-button\" data-id=\"e982493\" data-element_type=\"widget\" data-e-type=\"widget\" data-widget_type=\"button.default\">\n\t\t\t\t\t\t\t\t\t\t<a class=\"elementor-button elementor-button-link elementor-size-sm elementor-animation-grow\" href=\"\/de_ls\/philosophie\/\">\n\t\t\t\t\t\t<span class=\"elementor-button-content-wrapper\">\n\t\t\t\t\t\t\t\t\t<span class=\"elementor-button-text\">PHILOSOPHIE<\/span>\n\t\t\t\t\t<\/span>\n\t\t\t\t\t<\/a>\n\t\t\t\t\t\t\t\t<\/div>\n\t\t\t\t<\/div>\n\t\t<div class=\"elementor-element elementor-element-663feb4 e-con-full e-flex e-con e-child\" data-id=\"663feb4\" data-element_type=\"container\" data-e-type=\"container\">\n\t\t\t\t<div class=\"elementor-element elementor-element-42c71d7 elementor-mobile-align-justify elementor-align-justify elementor-widget elementor-widget-button\" data-id=\"42c71d7\" data-element_type=\"widget\" data-e-type=\"widget\" data-widget_type=\"button.default\">\n\t\t\t\t\t\t\t\t\t\t<a class=\"elementor-button elementor-button-link elementor-size-sm elementor-animation-grow\" href=\"\/de_ls\/magazin\/\">\n\t\t\t\t\t\t<span class=\"elementor-button-content-wrapper\">\n\t\t\t\t\t\t\t\t\t<span class=\"elementor-button-text\">MAGAZIN<\/span>\n\t\t\t\t\t<\/span>\n\t\t\t\t\t<\/a>\n\t\t\t\t\t\t\t\t<\/div>\n\t\t\t\t<\/div>\n\t\t\t\t\t<\/div>\n\t\t\t\t<\/div>\n\t\t<div class=\"elementor-element elementor-element-4e8c163 e-con-full e-flex elementor-invisible e-con e-parent\" data-id=\"4e8c163\" data-element_type=\"container\" data-e-type=\"container\" data-settings=\"{&quot;animation&quot;:&quot;fadeIn&quot;}\">\n\t\t<div class=\"elementor-element elementor-element-ffcae63 e-con-full e-flex e-con e-child\" data-id=\"ffcae63\" data-element_type=\"container\" data-e-type=\"container\" data-settings=\"{&quot;background_background&quot;:&quot;classic&quot;}\">\n\t\t\t\t<div class=\"elementor-element elementor-element-de11d8a elementor-widget elementor-widget-heading\" data-id=\"de11d8a\" data-element_type=\"widget\" data-e-type=\"widget\" data-widget_type=\"heading.default\">\n\t\t\t\t\t<h1 class=\"elementor-heading-title elementor-size-default\">Meine<\/h1>\t\t\t\t<\/div>\n\t\t\t\t<div class=\"elementor-element elementor-element-3b182ec elementor-widget elementor-widget-heading\" data-id=\"3b182ec\" data-element_type=\"widget\" data-e-type=\"widget\" data-widget_type=\"heading.default\">\n\t\t\t\t\t<h1 class=\"elementor-heading-title elementor-size-default\">Story<\/h1>\t\t\t\t<\/div>\n\t\t\t\t<div class=\"elementor-element elementor-element-4e971fb elementor-widget elementor-widget-text-editor\" data-id=\"4e971fb\" data-element_type=\"widget\" data-e-type=\"widget\" data-widget_type=\"text-editor.default\">\n\t\t\t\t\t\t\t\t\t<p class=\"translation-block\">Der einfache Zugang zu Recht ist f\u00fcr mich kein Luxus.\nEr ist ein wichtiges Werkzeug f\u00fcr die Gesellschaft.\n\u00a0<br><br>\nDieses Werkzeug soll Menschen helfen zu verstehen, welche Rechte sie haben und was sie tun k\u00f6nnen.\n\u00a0<br><br>\nAls Anwalt sehe ich meine Arbeit immer im Zusammenhang mit der Gesellschaft.\nRecht hilft nur dann wirklich, wenn es verst\u00e4ndlich, zug\u00e4nglich und menschlich ist.<\/p>\t\t\t\t\t\t\t\t<\/div>\n\t\t\t\t<div class=\"elementor-element elementor-element-49f13c0 elementor-widget elementor-widget-heading\" data-id=\"49f13c0\" data-element_type=\"widget\" data-e-type=\"widget\" data-widget_type=\"heading.default\">\n\t\t\t\t\t<h2 class=\"elementor-heading-title elementor-size-default\">Werdegang:<\/h2>\t\t\t\t<\/div>\n\t\t\t\t<div class=\"elementor-element elementor-element-e558abd elementor-widget elementor-widget-text-editor\" data-id=\"e558abd\" data-element_type=\"widget\" data-e-type=\"widget\" data-widget_type=\"text-editor.default\">\n\t\t\t\t\t\t\t\t\t<ul><li>Studium an der Ludwig-Maximilians-Universit\u00e4t M\u00fcnchen (Schwerpunkt Unternehmensrecht: innerstaatliches, internationales und europ\u00e4isches Steuerrecht) und der Universitetet i Oslo<\/li><li>Erstes juristisches Staatsexamen 2020<\/li><li>Referendariat am Oberlandesgericht M\u00fcnchen, Stationen u.\u202fa.:<br \/>&#8211; The Walt Disney Company Germany<br \/>&#8211; DNK Rechtsanw\u00e4lte PartGmbB<\/li><li>Zweites juristisches Staatsexamen 2022<\/li><li>Zertifizierter Berater im Steuerstrafrecht seit 2024<\/li><li>Vormals mehrj\u00e4hriger angestellter Rechtsanwalt in einer steuerstrafrechtlichen und steuerrechtlichen Boutique<\/li><\/ul>\t\t\t\t\t\t\t\t<\/div>\n\t\t\t\t<div class=\"elementor-element elementor-element-ef10c84 elementor-widget elementor-widget-heading\" data-id=\"ef10c84\" data-element_type=\"widget\" data-e-type=\"widget\" data-widget_type=\"heading.default\">\n\t\t\t\t\t<h2 class=\"elementor-heading-title elementor-size-default\">Sonstiges:<\/h2>\t\t\t\t<\/div>\n\t\t\t\t<div class=\"elementor-element elementor-element-feb3e6e elementor-widget elementor-widget-text-editor\" data-id=\"feb3e6e\" data-element_type=\"widget\" data-e-type=\"widget\" data-widget_type=\"text-editor.default\">\n\t\t\t\t\t\t\t\t\t<p>Ich war an einem gro\u00dfen Steuerstrafverfahren als Mitverteidiger beteiligt.\nTeile meines Schlusspl\u00e4doyers wurden in einer Zeitung ver\u00f6ffentlicht.\nDas zeigt, wie wichtig Sprache im Recht ist.\u00a0<\/p>\t\t\t\t\t\t\t\t<\/div>\n\t\t\t\t<div class=\"elementor-element elementor-element-bee6b23 elementor-widget elementor-widget-heading\" data-id=\"bee6b23\" data-element_type=\"widget\" data-e-type=\"widget\" data-widget_type=\"heading.default\">\n\t\t\t\t\t<h2 class=\"elementor-heading-title elementor-size-default\">Gesellschaftliches Engagement:<\/h2>\t\t\t\t<\/div>\n\t\t\t\t<div class=\"elementor-element elementor-element-2ff7c7b elementor-widget elementor-widget-text-editor\" data-id=\"2ff7c7b\" data-element_type=\"widget\" data-e-type=\"widget\" data-widget_type=\"text-editor.default\">\n\t\t\t\t\t\t\t\t\t<p>Ehrenamt ist ein wichtiger Teil meines Lebens.\u00a0<br \/>Unsere Gesellschaft lebt davon, dass Wissen und Mittel geteilt werden.\u00a0<\/p><p><br \/>Ich berate Jugendliche und junge Erwachsene kostenlos im Jugendinformationszentrum M\u00fcnchen.\nAu\u00dferdem bin ich Mitgr\u00fcnder eines Vereins f\u00fcr die Rechte der Natur.\n<br><br>\nMir ist wichtig: Wissen und Unterst\u00fctzung sollen geteilt werden.\nRechtliches Wissen geh\u00f6rt in die Mitte der Gesellschaft.<\/p>\t\t\t\t\t\t\t\t<\/div>\n\t\t\t\t<\/div>\n\t\t<div class=\"elementor-element elementor-element-b4ee5ef e-con-full e-flex e-con e-child\" data-id=\"b4ee5ef\" data-element_type=\"container\" data-e-type=\"container\" data-settings=\"{&quot;background_background&quot;:&quot;classic&quot;}\">\n\t\t\t\t<div class=\"elementor-element elementor-element-c836649 elementor-widget elementor-widget-image\" data-id=\"c836649\" data-element_type=\"widget\" data-e-type=\"widget\" data-widget_type=\"image.default\">\n\t\t\t\t\t\t\t\t\t\t\t\t\t\t\t<img fetchpriority=\"high\" decoding=\"async\" width=\"434\" height=\"490\" src=\"https:\/\/kanzleifueralle.de\/wp-content\/uploads\/2026\/02\/Kanzlei-fuer-Alle-Story.png\" class=\"attachment-large size-large wp-image-443\" alt=\"Kanzlei-fu\u0308r-Alle-Story\" srcset=\"https:\/\/kanzleifueralle.de\/wp-content\/uploads\/2026\/02\/Kanzlei-fuer-Alle-Story.png 434w, https:\/\/kanzleifueralle.de\/wp-content\/uploads\/2026\/02\/Kanzlei-fuer-Alle-Story-266x300.png 266w\" sizes=\"(max-width: 434px) 100vw, 434px\" \/>\t\t\t\t\t\t\t\t\t\t\t\t\t\t\t<\/div>\n\t\t\t\t<div class=\"elementor-element elementor-element-59fc637 elementor-widget elementor-widget-heading\" data-id=\"59fc637\" data-element_type=\"widget\" data-e-type=\"widget\" data-widget_type=\"heading.default\">\n\t\t\t\t\t<h2 class=\"elementor-heading-title elementor-size-default\">Kanzlei Kopp<\/h2>\t\t\t\t<\/div>\n\t\t\t\t<div class=\"elementor-element elementor-element-ec825ca elementor-widget elementor-widget-text-editor\" data-id=\"ec825ca\" data-element_type=\"widget\" data-e-type=\"widget\" data-widget_type=\"text-editor.default\">\n\t\t\t\t\t\t\t\t\t<p>Ich berate schwerpunktm\u00e4\u00dfig <br \/><em>(auf Deutsch und Englisch)<\/em> in diesen Bereichen:<\/p>\t\t\t\t\t\t\t\t<\/div>\n\t\t\t\t<div class=\"elementor-element elementor-element-68026ad elementor-widget-mobile__width-initial elementor-widget elementor-widget-text-editor\" data-id=\"68026ad\" data-element_type=\"widget\" data-e-type=\"widget\" data-widget_type=\"text-editor.default\">\n\t\t\t\t\t\t\t\t\t\n \t<li>Steuerrecht<\/li>\n \t<li>Mietrecht<\/li>\n \t<li>Arbeitsrecht<\/li>\n \t<li>Strafrecht<\/li>\n\t\t\t\t\t\t\t\t<\/div>\n\t\t\t\t<div class=\"elementor-element elementor-element-1aabb66 elementor-widget elementor-widget-text-editor\" data-id=\"1aabb66\" data-element_type=\"widget\" data-e-type=\"widget\" data-widget_type=\"text-editor.default\">\n\t\t\t\t\t\t\t\t\t<p class=\"translation-block\">Andere Themen bearbeite ich auf Anfrage oder vermittle an andere Anw\u00e4lte.\n\u00a0<br><br>\nMein Ziel ist immer gleich:\nRecht soll verst\u00e4ndlich sein und auf Augenh\u00f6he stattfinden.\nEs soll f\u00fcr alle zug\u00e4nglich sein \u2013 egal wer du bist oder woher du kommst.\n\u00a0<br><br>\nDie Kanzlei Kopp steht f\u00fcr diese Haltung:\nein Ort f\u00fcr Orientierung, Unterst\u00fctzung und St\u00e4rkung.\nHier geht es nicht nur um Recht, sondern auch um die Gesellschaft.<\/p>\t\t\t\t\t\t\t\t<\/div>\n\t\t\t\t<div class=\"elementor-element elementor-element-f82c9a5 elementor-mobile-align-center elementor-widget elementor-widget-button\" data-id=\"f82c9a5\" data-element_type=\"widget\" data-e-type=\"widget\" data-widget_type=\"button.default\">\n\t\t\t\t\t\t\t\t\t\t<a class=\"elementor-button elementor-button-link elementor-size-sm elementor-animation-grow\" href=\"#kontakt\">\n\t\t\t\t\t\t<span class=\"elementor-button-content-wrapper\">\n\t\t\t\t\t\t\t\t\t<span class=\"elementor-button-text\">KONTAKTIERE MICH<\/span>\n\t\t\t\t\t<\/span>\n\t\t\t\t\t<\/a>\n\t\t\t\t\t\t\t\t<\/div>\n\t\t\t\t<\/div>\n\t\t\t\t<\/div>\n\t\t<div class=\"elementor-element elementor-element-b1240c7 e-con-full e-flex elementor-invisible e-con e-parent\" data-id=\"b1240c7\" data-element_type=\"container\" data-e-type=\"container\" data-settings=\"{&quot;background_background&quot;:&quot;classic&quot;,&quot;animation&quot;:&quot;fadeIn&quot;}\">\n\t\t\t\t<\/div>\n\t\t\t\t<\/div>","protected":false},"excerpt":{"rendered":"<p>STORY PHILOSOPHIE MAGAZIN Meine Story Der einfache Zugang zum Rechtssystem ist f\u00fcr mich kein Statussymbol, sondern ein gesellschaftliches Werkzeug. Ein Werkzeug, das Menschen bef\u00e4higen soll, ihren rechtlichen Handlungsspielraum zu kennen.\u00a0 Als Rechtsanwalt sehe ich meine Arbeit stets eingebettet in die Gesellschaft: Juristische Expertise ist dort wirksam, wo sie verst\u00e4ndlich, zug\u00e4nglich und menschlich bleibt. Werdegang: Studium [&hellip;]<\/p>\n","protected":false},"author":1,"featured_media":0,"parent":0,"menu_order":0,"comment_status":"closed","ping_status":"closed","template":"elementor_header_footer","meta":{"footnotes":""},"class_list":["post-440","page","type-page","status-publish","hentry"],"yoast_head":"<!-- This site is optimized with the Yoast SEO plugin v26.9 - https:\/\/yoast.com\/product\/yoast-seo-wordpress\/ -->\n<title>Story - Kanzlei f\u00fcr Alle<\/title>\n<meta name=\"description\" content=\"Meine Story \u2013 warum ich die Kanzlei f\u00fcr Alle gegr\u00fcndet habe. Pers\u00f6nliche Einblicke, Werte und mein Weg zu einer Rechtspraxis auf Augenh\u00f6he.\" \/>\n<meta name=\"robots\" content=\"index, follow, max-snippet:-1, max-image-preview:large, max-video-preview:-1\" \/>\n<link rel=\"canonical\" href=\"https:\/\/kanzleifueralle.de\/de_ls\/story\/\" \/>\n<meta property=\"og:locale\" content=\"de_DE\" \/>\n<meta property=\"og:type\" content=\"article\" \/>\n<meta property=\"og:title\" content=\"Story - Kanzlei f\u00fcr Alle\" \/>\n<meta property=\"og:description\" content=\"Meine Story \u2013 warum ich die Kanzlei f\u00fcr Alle gegr\u00fcndet habe. Pers\u00f6nliche Einblicke, Werte und mein Weg zu einer Rechtspraxis auf Augenh\u00f6he.\" \/>\n<meta property=\"og:url\" content=\"https:\/\/kanzleifueralle.de\/de_ls\/story\/\" \/>\n<meta property=\"og:site_name\" content=\"Kanzlei f\u00fcr Alle\" \/>\n<meta property=\"article:modified_time\" content=\"2026-04-08T13:40:51+00:00\" \/>\n<meta property=\"og:image\" content=\"https:\/\/kanzleifueralle.de\/wp-content\/uploads\/2026\/02\/Kanzlei-fuer-Alle-Story.png\" \/>\n\t<meta property=\"og:image:width\" content=\"434\" \/>\n\t<meta property=\"og:image:height\" content=\"490\" \/>\n\t<meta property=\"og:image:type\" content=\"image\/png\" \/>\n<meta name=\"twitter:card\" content=\"summary_large_image\" \/>\n<meta name=\"twitter:label1\" content=\"Gesch\u00e4tzte Lesezeit\" \/>\n\t<meta name=\"twitter:data1\" content=\"2 Minuten\" \/>\n<script type=\"application\/ld+json\" class=\"yoast-schema-graph\">{\"@context\":\"https:\/\/schema.org\",\"@graph\":[{\"@type\":\"WebPage\",\"@id\":\"https:\/\/kanzleifueralle.de\/story\/\",\"url\":\"https:\/\/kanzleifueralle.de\/story\/\",\"name\":\"Story - Kanzlei f\u00fcr Alle\",\"isPartOf\":{\"@id\":\"https:\/\/kanzleifueralle.de\/#website\"},\"primaryImageOfPage\":{\"@id\":\"https:\/\/kanzleifueralle.de\/story\/#primaryimage\"},\"image\":{\"@id\":\"https:\/\/kanzleifueralle.de\/story\/#primaryimage\"},\"thumbnailUrl\":\"https:\/\/kanzleifueralle.de\/wp-content\/uploads\/2026\/02\/Kanzlei-fuer-Alle-Story.png\",\"datePublished\":\"2026-02-17T18:15:54+00:00\",\"dateModified\":\"2026-04-08T13:40:51+00:00\",\"description\":\"Meine Story \u2013 warum ich die Kanzlei f\u00fcr Alle gegr\u00fcndet habe. Pers\u00f6nliche Einblicke, Werte und mein Weg zu einer Rechtspraxis auf Augenh\u00f6he.\",\"breadcrumb\":{\"@id\":\"https:\/\/kanzleifueralle.de\/story\/#breadcrumb\"},\"inLanguage\":\"de-AT\",\"potentialAction\":[{\"@type\":\"ReadAction\",\"target\":[\"https:\/\/kanzleifueralle.de\/story\/\"]}]},{\"@type\":\"ImageObject\",\"inLanguage\":\"de-AT\",\"@id\":\"https:\/\/kanzleifueralle.de\/story\/#primaryimage\",\"url\":\"https:\/\/kanzleifueralle.de\/wp-content\/uploads\/2026\/02\/Kanzlei-fuer-Alle-Story.png\",\"contentUrl\":\"https:\/\/kanzleifueralle.de\/wp-content\/uploads\/2026\/02\/Kanzlei-fuer-Alle-Story.png\"},{\"@type\":\"BreadcrumbList\",\"@id\":\"https:\/\/kanzleifueralle.de\/story\/#breadcrumb\",\"itemListElement\":[{\"@type\":\"ListItem\",\"position\":1,\"name\":\"Start\",\"item\":\"https:\/\/kanzleifueralle.de\/\"},{\"@type\":\"ListItem\",\"position\":2,\"name\":\"Story\"}]},{\"@type\":\"WebSite\",\"@id\":\"https:\/\/kanzleifueralle.de\/#website\",\"url\":\"https:\/\/kanzleifueralle.de\/\",\"name\":\"Kanzlei f\u00fcr Alle\",\"description\":\"Weil Gerechtigkeit kein Privileg sein darf.\",\"publisher\":{\"@id\":\"https:\/\/kanzleifueralle.de\/#organization\"},\"potentialAction\":[{\"@type\":\"SearchAction\",\"target\":{\"@type\":\"EntryPoint\",\"urlTemplate\":\"https:\/\/kanzleifueralle.de\/?s={search_term_string}\"},\"query-input\":{\"@type\":\"PropertyValueSpecification\",\"valueRequired\":true,\"valueName\":\"search_term_string\"}}],\"inLanguage\":\"de-AT\"},{\"@type\":\"Organization\",\"@id\":\"https:\/\/kanzleifueralle.de\/#organization\",\"name\":\"Kanzlei f\u00fcr Alle\",\"url\":\"https:\/\/kanzleifueralle.de\/\",\"logo\":{\"@type\":\"ImageObject\",\"inLanguage\":\"de-AT\",\"@id\":\"https:\/\/kanzleifueralle.de\/#\/schema\/logo\/image\/\",\"url\":\"https:\/\/kanzleifueralle.de\/wp-content\/uploads\/2026\/02\/Kanzleifueralle-Logo.png\",\"contentUrl\":\"https:\/\/kanzleifueralle.de\/wp-content\/uploads\/2026\/02\/Kanzleifueralle-Logo.png\",\"width\":197,\"height\":57,\"caption\":\"Kanzlei f\u00fcr Alle\"},\"image\":{\"@id\":\"https:\/\/kanzleifueralle.de\/#\/schema\/logo\/image\/\"},\"sameAs\":[\"https:\/\/www.instagram.com\/kanzleifueralle\/\"]}]}<\/script>\n<!-- \/ Yoast SEO plugin. -->","yoast_head_json":{"title":"Story - Kanzlei f\u00fcr Alle","description":"Meine Story \u2013 warum ich die Kanzlei f\u00fcr Alle gegr\u00fcndet habe. Pers\u00f6nliche Einblicke, Werte und mein Weg zu einer Rechtspraxis auf Augenh\u00f6he.","robots":{"index":"index","follow":"follow","max-snippet":"max-snippet:-1","max-image-preview":"max-image-preview:large","max-video-preview":"max-video-preview:-1"},"canonical":"https:\/\/kanzleifueralle.de\/de_ls\/story\/","og_locale":"de_DE","og_type":"article","og_title":"Story - Kanzlei f\u00fcr Alle","og_description":"Meine Story \u2013 warum ich die Kanzlei f\u00fcr Alle gegr\u00fcndet habe. Pers\u00f6nliche Einblicke, Werte und mein Weg zu einer Rechtspraxis auf Augenh\u00f6he.","og_url":"https:\/\/kanzleifueralle.de\/de_ls\/story\/","og_site_name":"Kanzlei f\u00fcr Alle","article_modified_time":"2026-04-08T13:40:51+00:00","og_image":[{"width":434,"height":490,"url":"https:\/\/kanzleifueralle.de\/wp-content\/uploads\/2026\/02\/Kanzlei-fuer-Alle-Story.png","type":"image\/png"}],"twitter_card":"summary_large_image","twitter_misc":{"Gesch\u00e4tzte Lesezeit":"2 Minuten"},"schema":{"@context":"https:\/\/schema.org","@graph":[{"@type":"WebPage","@id":"https:\/\/kanzleifueralle.de\/story\/","url":"https:\/\/kanzleifueralle.de\/story\/","name":"Story - Kanzlei f\u00fcr Alle","isPartOf":{"@id":"https:\/\/kanzleifueralle.de\/#website"},"primaryImageOfPage":{"@id":"https:\/\/kanzleifueralle.de\/story\/#primaryimage"},"image":{"@id":"https:\/\/kanzleifueralle.de\/story\/#primaryimage"},"thumbnailUrl":"https:\/\/kanzleifueralle.de\/wp-content\/uploads\/2026\/02\/Kanzlei-fuer-Alle-Story.png","datePublished":"2026-02-17T18:15:54+00:00","dateModified":"2026-04-08T13:40:51+00:00","description":"Meine Story \u2013 warum ich die Kanzlei f\u00fcr Alle gegr\u00fcndet habe. Pers\u00f6nliche Einblicke, Werte und mein Weg zu einer Rechtspraxis auf Augenh\u00f6he.","breadcrumb":{"@id":"https:\/\/kanzleifueralle.de\/story\/#breadcrumb"},"inLanguage":"de-AT","potentialAction":[{"@type":"ReadAction","target":["https:\/\/kanzleifueralle.de\/story\/"]}]},{"@type":"ImageObject","inLanguage":"de-AT","@id":"https:\/\/kanzleifueralle.de\/story\/#primaryimage","url":"https:\/\/kanzleifueralle.de\/wp-content\/uploads\/2026\/02\/Kanzlei-fuer-Alle-Story.png","contentUrl":"https:\/\/kanzleifueralle.de\/wp-content\/uploads\/2026\/02\/Kanzlei-fuer-Alle-Story.png"},{"@type":"BreadcrumbList","@id":"https:\/\/kanzleifueralle.de\/story\/#breadcrumb","itemListElement":[{"@type":"ListItem","position":1,"name":"Start","item":"https:\/\/kanzleifueralle.de\/"},{"@type":"ListItem","position":2,"name":"Story"}]},{"@type":"WebSite","@id":"https:\/\/kanzleifueralle.de\/#website","url":"https:\/\/kanzleifueralle.de\/","name":"Kanzlei f\u00fcr Alle","description":"Weil Gerechtigkeit kein Privileg sein darf.","publisher":{"@id":"https:\/\/kanzleifueralle.de\/#organization"},"potentialAction":[{"@type":"SearchAction","target":{"@type":"EntryPoint","urlTemplate":"https:\/\/kanzleifueralle.de\/?s={search_term_string}"},"query-input":{"@type":"PropertyValueSpecification","valueRequired":true,"valueName":"search_term_string"}}],"inLanguage":"de-AT"},{"@type":"Organization","@id":"https:\/\/kanzleifueralle.de\/#organization","name":"Kanzlei f\u00fcr Alle","url":"https:\/\/kanzleifueralle.de\/","logo":{"@type":"ImageObject","inLanguage":"de-AT","@id":"https:\/\/kanzleifueralle.de\/#\/schema\/logo\/image\/","url":"https:\/\/kanzleifueralle.de\/wp-content\/uploads\/2026\/02\/Kanzleifueralle-Logo.png","contentUrl":"https:\/\/kanzleifueralle.de\/wp-content\/uploads\/2026\/02\/Kanzleifueralle-Logo.png","width":197,"height":57,"caption":"Kanzlei f\u00fcr Alle"},"image":{"@id":"https:\/\/kanzleifueralle.de\/#\/schema\/logo\/image\/"},"sameAs":["https:\/\/www.instagram.com\/kanzleifueralle\/"]}]}},"_links":{"self":[{"href":"https:\/\/kanzleifueralle.de\/de_ls\/wp-json\/wp\/v2\/pages\/440","targetHints":{"allow":["GET"]}}],"collection":[{"href":"https:\/\/kanzleifueralle.de\/de_ls\/wp-json\/wp\/v2\/pages"}],"about":[{"href":"https:\/\/kanzleifueralle.de\/de_ls\/wp-json\/wp\/v2\/types\/page"}],"author":[{"embeddable":true,"href":"https:\/\/kanzleifueralle.de\/de_ls\/wp-json\/wp\/v2\/users\/1"}],"replies":[{"embeddable":true,"href":"https:\/\/kanzleifueralle.de\/de_ls\/wp-json\/wp\/v2\/comments?post=440"}],"version-history":[{"count":46,"href":"https:\/\/kanzleifueralle.de\/de_ls\/wp-json\/wp\/v2\/pages\/440\/revisions"}],"predecessor-version":[{"id":1001,"href":"https:\/\/kanzleifueralle.de\/de_ls\/wp-json\/wp\/v2\/pages\/440\/revisions\/1001"}],"wp:attachment":[{"href":"https:\/\/kanzleifueralle.de\/de_ls\/wp-json\/wp\/v2\/media?parent=440"}],"curies":[{"name":"wp","href":"https:\/\/api.w.org\/{rel}","templated":true}]}}