{"id":24,"date":"2026-02-02T19:12:36","date_gmt":"2026-02-02T18:12:36","guid":{"rendered":"https:\/\/kanzleifueralle.de\/?page_id=24"},"modified":"2026-04-08T15:40:27","modified_gmt":"2026-04-08T13:40:27","slug":"philosophie","status":"publish","type":"page","link":"https:\/\/kanzleifueralle.de\/en\/philosophie\/","title":{"rendered":"Philosophy"},"content":{"rendered":"<div data-elementor-type=\"wp-page\" data-elementor-id=\"24\" class=\"elementor elementor-24\" data-elementor-post-type=\"page\">\n\t\t\t\t<div class=\"elementor-element elementor-element-4d7045d e-con-full e-flex elementor-invisible e-con e-parent\" data-id=\"4d7045d\" data-element_type=\"container\" data-e-type=\"container\" data-settings=\"{&quot;background_background&quot;:&quot;classic&quot;,&quot;animation&quot;:&quot;fadeIn&quot;}\">\n\t\t<div class=\"elementor-element elementor-element-903bc78 e-flex e-con-boxed e-con e-child\" data-id=\"903bc78\" data-element_type=\"container\" data-e-type=\"container\">\n\t\t\t\t\t<div class=\"e-con-inner\">\n\t\t<div class=\"elementor-element elementor-element-2d605d2 e-con-full e-flex e-con e-child\" data-id=\"2d605d2\" data-element_type=\"container\" data-e-type=\"container\">\n\t\t\t\t<\/div>\n\t\t\t\t\t<\/div>\n\t\t\t\t<\/div>\n\t\t\t\t<\/div>\n\t\t<div class=\"elementor-element elementor-element-6ce44c0 e-con-full e-flex elementor-invisible e-con e-parent\" data-id=\"6ce44c0\" data-element_type=\"container\" data-e-type=\"container\" data-settings=\"{&quot;background_background&quot;:&quot;classic&quot;,&quot;animation&quot;:&quot;fadeIn&quot;}\">\n\t\t<div class=\"elementor-element elementor-element-16e66d5 e-flex e-con-boxed e-con e-child\" data-id=\"16e66d5\" data-element_type=\"container\" data-e-type=\"container\">\n\t\t\t\t\t<div class=\"e-con-inner\">\n\t\t<div class=\"elementor-element elementor-element-37735b2 e-con-full e-flex e-con e-child\" data-id=\"37735b2\" data-element_type=\"container\" data-e-type=\"container\">\n\t\t\t\t<div class=\"elementor-element elementor-element-92bdb7c elementor-widget elementor-widget-spacer\" data-id=\"92bdb7c\" data-element_type=\"widget\" data-e-type=\"widget\" data-widget_type=\"spacer.default\">\n\t\t\t\t\t\t\t<div class=\"elementor-spacer\">\n\t\t\t<div class=\"elementor-spacer-inner\"><\/div>\n\t\t<\/div>\n\t\t\t\t\t\t<\/div>\n\t\t\t\t<\/div>\n\t\t\t\t\t<\/div>\n\t\t\t\t<\/div>\n\t\t\t\t<\/div>\n\t\t<div class=\"elementor-element elementor-element-4e6a06d e-flex e-con-boxed elementor-invisible e-con e-parent\" data-id=\"4e6a06d\" data-element_type=\"container\" data-e-type=\"container\" data-settings=\"{&quot;background_background&quot;:&quot;classic&quot;,&quot;animation&quot;:&quot;fadeIn&quot;}\">\n\t\t\t\t\t<div class=\"e-con-inner\">\n\t\t<div class=\"elementor-element elementor-element-262b84c e-con-full e-flex e-con e-child\" data-id=\"262b84c\" data-element_type=\"container\" data-e-type=\"container\">\n\t\t\t\t<div class=\"elementor-element elementor-element-feecfef elementor-mobile-align-justify elementor-align-justify elementor-widget elementor-widget-button\" data-id=\"feecfef\" data-element_type=\"widget\" data-e-type=\"widget\" data-widget_type=\"button.default\">\n\t\t\t\t\t\t\t\t\t\t<a class=\"elementor-button elementor-button-link elementor-size-sm elementor-animation-grow\" href=\"\/en\/story\/\">\n\t\t\t\t\t\t<span class=\"elementor-button-content-wrapper\">\n\t\t\t\t\t\t\t\t\t<span class=\"elementor-button-text\">STORY<\/span>\n\t\t\t\t\t<\/span>\n\t\t\t\t\t<\/a>\n\t\t\t\t\t\t\t\t<\/div>\n\t\t\t\t<\/div>\n\t\t<div class=\"elementor-element elementor-element-b224e1b e-con-full e-flex e-con e-child\" data-id=\"b224e1b\" data-element_type=\"container\" data-e-type=\"container\">\n\t\t\t\t<div class=\"elementor-element elementor-element-bf98530 elementor-mobile-align-justify elementor-align-justify elementor-widget elementor-widget-button\" data-id=\"bf98530\" data-element_type=\"widget\" data-e-type=\"widget\" data-widget_type=\"button.default\">\n\t\t\t\t\t\t\t\t\t\t<a class=\"elementor-button elementor-button-link elementor-size-sm elementor-animation-grow\" href=\"\/en\/philosophie\/\">\n\t\t\t\t\t\t<span class=\"elementor-button-content-wrapper\">\n\t\t\t\t\t\t\t\t\t<span class=\"elementor-button-text\">PHILOSOPHY<\/span>\n\t\t\t\t\t<\/span>\n\t\t\t\t\t<\/a>\n\t\t\t\t\t\t\t\t<\/div>\n\t\t\t\t<\/div>\n\t\t<div class=\"elementor-element elementor-element-fc460cd e-con-full e-flex e-con e-child\" data-id=\"fc460cd\" data-element_type=\"container\" data-e-type=\"container\">\n\t\t\t\t<div class=\"elementor-element elementor-element-ac1c15e elementor-mobile-align-justify elementor-align-justify elementor-widget elementor-widget-button\" data-id=\"ac1c15e\" data-element_type=\"widget\" data-e-type=\"widget\" data-widget_type=\"button.default\">\n\t\t\t\t\t\t\t\t\t\t<a class=\"elementor-button elementor-button-link elementor-size-sm elementor-animation-grow\" href=\"\/en\/magazin\/\">\n\t\t\t\t\t\t<span class=\"elementor-button-content-wrapper\">\n\t\t\t\t\t\t\t\t\t<span class=\"elementor-button-text\">MAGAZINE<\/span>\n\t\t\t\t\t<\/span>\n\t\t\t\t\t<\/a>\n\t\t\t\t\t\t\t\t<\/div>\n\t\t\t\t<\/div>\n\t\t\t\t\t<\/div>\n\t\t\t\t<\/div>\n\t\t<div class=\"elementor-element elementor-element-dfcd263 e-con-full e-flex elementor-invisible e-con e-parent\" data-id=\"dfcd263\" data-element_type=\"container\" data-e-type=\"container\" data-settings=\"{&quot;animation&quot;:&quot;fadeIn&quot;}\">\n\t\t<div class=\"elementor-element elementor-element-17bdd6a e-con-full e-flex e-con e-child\" data-id=\"17bdd6a\" data-element_type=\"container\" data-e-type=\"container\" data-settings=\"{&quot;background_background&quot;:&quot;classic&quot;}\">\n\t\t\t\t<div class=\"elementor-element elementor-element-51596be elementor-widget elementor-widget-heading\" data-id=\"51596be\" data-element_type=\"widget\" data-e-type=\"widget\" data-widget_type=\"heading.default\">\n\t\t\t\t\t<h1 class=\"elementor-heading-title elementor-size-default\">My<\/h1>\t\t\t\t<\/div>\n\t\t\t\t<div class=\"elementor-element elementor-element-1683a7c elementor-widget elementor-widget-heading\" data-id=\"1683a7c\" data-element_type=\"widget\" data-e-type=\"widget\" data-widget_type=\"heading.default\">\n\t\t\t\t\t<h1 class=\"elementor-heading-title elementor-size-default\">Philosophy<\/h1>\t\t\t\t<\/div>\n\t\t\t\t<div class=\"elementor-element elementor-element-ff895a5 elementor-widget elementor-widget-text-editor\" data-id=\"ff895a5\" data-element_type=\"widget\" data-e-type=\"widget\" data-widget_type=\"text-editor.default\">\n\t\t\t\t\t\t\t\t\t<p>The Kopp law firm follows a simple but consistent conviction: <strong>Law must not be a privilege.\u00a0<\/strong><\/p><p>\u00a0<\/p><p>Legal assistance is not a status symbol, but a basic requirement of a functioning legal system.\u00a0<\/p><p>\u00a0<\/p><p>I therefore want to understand your legal challenges, represent you and protect your rights.\u00a0<\/p><p>\u00a0<\/p><p>Lawyers bear responsibility for the community. My task does not end with your file, but begins with my understanding of your life plan.\u00a0<\/p>\t\t\t\t\t\t\t\t<\/div>\n\t\t\t\t<div class=\"elementor-element elementor-element-8b6eecb elementor-hidden-desktop elementor-hidden-laptop elementor-hidden-tablet elementor-widget elementor-widget-spacer\" data-id=\"8b6eecb\" data-element_type=\"widget\" data-e-type=\"widget\" data-widget_type=\"spacer.default\">\n\t\t\t\t\t\t\t<div class=\"elementor-spacer\">\n\t\t\t<div class=\"elementor-spacer-inner\"><\/div>\n\t\t<\/div>\n\t\t\t\t\t\t<\/div>\n\t\t\t\t<div class=\"elementor-element elementor-element-3e7344f elementor-widget elementor-widget-heading\" data-id=\"3e7344f\" data-element_type=\"widget\" data-e-type=\"widget\" data-widget_type=\"heading.default\">\n\t\t\t\t\t<h2 class=\"elementor-heading-title elementor-size-default\">The firm specializes in:<\/h2>\t\t\t\t<\/div>\n\t\t\t\t<div class=\"elementor-element elementor-element-ccdd432 elementor-widget-mobile__width-initial elementor-widget elementor-widget-text-editor\" data-id=\"ccdd432\" data-element_type=\"widget\" data-e-type=\"widget\" data-widget_type=\"text-editor.default\">\n\t\t\t\t\t\t\t\t\t\n \t<li>Tax Law<\/li>\n \t<li>Tenancy Law<\/li>\n \t<li>Labor Law<\/li>\n \t<li>Criminal Law<\/li>\n\t\t\t\t\t\t\t\t<\/div>\n\t\t\t\t<div class=\"elementor-element elementor-element-02bf8e9 elementor-hidden-desktop elementor-hidden-laptop elementor-hidden-tablet elementor-widget elementor-widget-spacer\" data-id=\"02bf8e9\" data-element_type=\"widget\" data-e-type=\"widget\" data-widget_type=\"spacer.default\">\n\t\t\t\t\t\t\t<div class=\"elementor-spacer\">\n\t\t\t<div class=\"elementor-spacer-inner\"><\/div>\n\t\t<\/div>\n\t\t\t\t\t\t<\/div>\n\t\t\t\t<div class=\"elementor-element elementor-element-400671c elementor-widget elementor-widget-text-editor\" data-id=\"400671c\" data-element_type=\"widget\" data-e-type=\"widget\" data-widget_type=\"text-editor.default\">\n\t\t\t\t\t\t\t\t\t<p class=\"translation-block\">It is open to everyone: regardless of your background, social status, gender, sexual orientation, religion, or lifestyle. There is no place here for discrimination, exclusion, or authoritarian thinking.  <br><br>The focus is on a holistic approach to legal counseling. <br>Legal issues are embedded in various life situations: employment relationships, housing situations, family contexts, or interactions with government institutions.  <br><br> Accordingly, I address your legal concerns not only from a formal legal perspective but also with an eye toward their social and personal implications.  The goal is to strengthen your self-determination and to show you your legal options.<\/p>\t\t\t\t\t\t\t\t<\/div>\n\t\t\t\t<\/div>\n\t\t<div class=\"elementor-element elementor-element-807a973 e-con-full e-flex e-con e-child\" data-id=\"807a973\" data-element_type=\"container\" data-e-type=\"container\" data-settings=\"{&quot;background_background&quot;:&quot;classic&quot;}\">\n\t\t\t\t<div class=\"elementor-element elementor-element-d33ae3f elementor-widget elementor-widget-image\" data-id=\"d33ae3f\" data-element_type=\"widget\" data-e-type=\"widget\" data-widget_type=\"image.default\">\n\t\t\t\t\t\t\t\t\t\t\t\t\t\t\t<img fetchpriority=\"high\" decoding=\"async\" width=\"567\" height=\"445\" src=\"https:\/\/kanzleifueralle.de\/wp-content\/uploads\/2026\/02\/Kanzlei-fuer-Alle-Philosophie.png\" class=\"attachment-large size-large wp-image-350\" alt=\"Kanzlei fu\u0308r Alle Philosophie\" srcset=\"https:\/\/kanzleifueralle.de\/wp-content\/uploads\/2026\/02\/Kanzlei-fuer-Alle-Philosophie.png 567w, https:\/\/kanzleifueralle.de\/wp-content\/uploads\/2026\/02\/Kanzlei-fuer-Alle-Philosophie-300x235.png 300w\" sizes=\"(max-width: 567px) 100vw, 567px\" \/>\t\t\t\t\t\t\t\t\t\t\t\t\t\t\t<\/div>\n\t\t\t\t<div class=\"elementor-element elementor-element-91fc85e elementor-widget elementor-widget-heading\" data-id=\"91fc85e\" data-element_type=\"widget\" data-e-type=\"widget\" data-widget_type=\"heading.default\">\n\t\t\t\t\t<h2 class=\"elementor-heading-title elementor-size-default\"><b>My law firm sees itself as<\/br>low-threshold legal contact point.<\/b><\/h2>\t\t\t\t<\/div>\n\t\t\t\t<div class=\"elementor-element elementor-element-32ab755 elementor-widget elementor-widget-text-editor\" data-id=\"32ab755\" data-element_type=\"widget\" data-e-type=\"widget\" data-widget_type=\"text-editor.default\">\n\t\t\t\t\t\t\t\t\t<p>In addition, other areas of law are also handled on request or referred to trustworthy colleagues.<\/p><p>\u00a0<\/p><p>The law firm sees itself not only as a place of legal enforcement, but also as a place of legal education and exchange.\u00a0<\/p><p>\u00a0<\/p><p>Lectures, workshops and digital formats are designed to bring legal knowledge to where it is needed: at the heart of society.\u00a0<\/p><p><br \/>After all, a democratic legal system depends on as many people as possible being able to understand it and move safely within it.<\/p>\t\t\t\t\t\t\t\t<\/div>\n\t\t\t\t<div class=\"elementor-element elementor-element-426f4e3 elementor-mobile-align-center elementor-tablet-align-center elementor-widget elementor-widget-button\" data-id=\"426f4e3\" data-element_type=\"widget\" data-e-type=\"widget\" data-widget_type=\"button.default\">\n\t\t\t\t\t\t\t\t\t\t<a class=\"elementor-button elementor-button-link elementor-size-sm elementor-animation-grow\" href=\"#kontakt\">\n\t\t\t\t\t\t<span class=\"elementor-button-content-wrapper\">\n\t\t\t\t\t\t\t\t\t<span class=\"elementor-button-text\">CONTACT ME<\/span>\n\t\t\t\t\t<\/span>\n\t\t\t\t\t<\/a>\n\t\t\t\t\t\t\t\t<\/div>\n\t\t\t\t<\/div>\n\t\t\t\t<\/div>\n\t\t<div class=\"elementor-element elementor-element-af84e6a e-con-full e-flex elementor-invisible e-con e-parent\" data-id=\"af84e6a\" data-element_type=\"container\" data-e-type=\"container\" data-settings=\"{&quot;background_background&quot;:&quot;classic&quot;,&quot;animation&quot;:&quot;fadeIn&quot;}\">\n\t\t\t\t<\/div>\n\t\t\t\t<\/div>","protected":false},"excerpt":{"rendered":"<p>STORY PHILOSOPHIE MAGAZIN Meine Philosophie Die Kanzlei Kopp folgt einer einfachen, aber konsequenten \u00dcberzeugung: Recht darf kein Privileg sein.\u00a0 \u00a0 Anwaltliche Hilfe ist kein Statussymbol, sondern eine Grundvoraussetzung eines funktionierenden Rechtssystems.\u00a0 \u00a0 Ich m\u00f6chte daher deine rechtlichen Herausforderungen verstehen, dich vertreten und deine Rechte wahren.\u00a0 \u00a0 Rechtsanw\u00e4ltinnen und Rechtsanw\u00e4lte tragen Verantwortung f\u00fcr das Gemeinwesen. Meine [&hellip;]<\/p>\n","protected":false},"author":1,"featured_media":0,"parent":0,"menu_order":0,"comment_status":"closed","ping_status":"closed","template":"","meta":{"footnotes":""},"class_list":["post-24","page","type-page","status-publish","hentry"],"yoast_head":"<!-- This site is optimized with the Yoast SEO plugin v26.9 - https:\/\/yoast.com\/product\/yoast-seo-wordpress\/ -->\n<title>Philosophie - Kanzlei f\u00fcr Alle<\/title>\n<meta name=\"description\" content=\"Unsere Philosophie: Weil Gerechtigkeit kein Privileg sein darf. Die Kanzlei f\u00fcr Alle steht f\u00fcr Zuh\u00f6ren, Verst\u00e4ndlichkeit und Einsatz auf Augenh\u00f6he.\" \/>\n<meta name=\"robots\" content=\"index, follow, max-snippet:-1, max-image-preview:large, max-video-preview:-1\" \/>\n<link rel=\"canonical\" href=\"https:\/\/kanzleifueralle.de\/en\/philosophie\/\" \/>\n<meta property=\"og:locale\" content=\"en_GB\" \/>\n<meta property=\"og:type\" content=\"article\" \/>\n<meta property=\"og:title\" content=\"Philosophie - Kanzlei f\u00fcr Alle\" \/>\n<meta property=\"og:description\" content=\"Unsere Philosophie: Weil Gerechtigkeit kein Privileg sein darf. Die Kanzlei f\u00fcr Alle steht f\u00fcr Zuh\u00f6ren, Verst\u00e4ndlichkeit und Einsatz auf Augenh\u00f6he.\" \/>\n<meta property=\"og:url\" content=\"https:\/\/kanzleifueralle.de\/en\/philosophie\/\" \/>\n<meta property=\"og:site_name\" content=\"Kanzlei f\u00fcr Alle\" \/>\n<meta property=\"article:modified_time\" content=\"2026-04-08T13:40:27+00:00\" \/>\n<meta property=\"og:image\" content=\"https:\/\/kanzleifueralle.de\/wp-content\/uploads\/2026\/02\/Kanzlei-fuer-Alle-Philosophie.png\" \/>\n\t<meta property=\"og:image:width\" content=\"567\" \/>\n\t<meta property=\"og:image:height\" content=\"445\" \/>\n\t<meta property=\"og:image:type\" content=\"image\/png\" \/>\n<meta name=\"twitter:card\" content=\"summary_large_image\" \/>\n<meta name=\"twitter:label1\" content=\"Estimated reading time\" \/>\n\t<meta name=\"twitter:data1\" content=\"2 minutes\" \/>\n<script type=\"application\/ld+json\" class=\"yoast-schema-graph\">{\"@context\":\"https:\/\/schema.org\",\"@graph\":[{\"@type\":\"WebPage\",\"@id\":\"https:\/\/kanzleifueralle.de\/philosophie\/\",\"url\":\"https:\/\/kanzleifueralle.de\/philosophie\/\",\"name\":\"Philosophie - Kanzlei f\u00fcr Alle\",\"isPartOf\":{\"@id\":\"https:\/\/kanzleifueralle.de\/#website\"},\"primaryImageOfPage\":{\"@id\":\"https:\/\/kanzleifueralle.de\/philosophie\/#primaryimage\"},\"image\":{\"@id\":\"https:\/\/kanzleifueralle.de\/philosophie\/#primaryimage\"},\"thumbnailUrl\":\"https:\/\/kanzleifueralle.de\/wp-content\/uploads\/2026\/02\/Kanzlei-fuer-Alle-Philosophie.png\",\"datePublished\":\"2026-02-02T18:12:36+00:00\",\"dateModified\":\"2026-04-08T13:40:27+00:00\",\"description\":\"Unsere Philosophie: Weil Gerechtigkeit kein Privileg sein darf. Die Kanzlei f\u00fcr Alle steht f\u00fcr Zuh\u00f6ren, Verst\u00e4ndlichkeit und Einsatz auf Augenh\u00f6he.\",\"breadcrumb\":{\"@id\":\"https:\/\/kanzleifueralle.de\/philosophie\/#breadcrumb\"},\"inLanguage\":\"en-GB\",\"potentialAction\":[{\"@type\":\"ReadAction\",\"target\":[\"https:\/\/kanzleifueralle.de\/philosophie\/\"]}]},{\"@type\":\"ImageObject\",\"inLanguage\":\"en-GB\",\"@id\":\"https:\/\/kanzleifueralle.de\/philosophie\/#primaryimage\",\"url\":\"https:\/\/kanzleifueralle.de\/wp-content\/uploads\/2026\/02\/Kanzlei-fuer-Alle-Philosophie.png\",\"contentUrl\":\"https:\/\/kanzleifueralle.de\/wp-content\/uploads\/2026\/02\/Kanzlei-fuer-Alle-Philosophie.png\"},{\"@type\":\"BreadcrumbList\",\"@id\":\"https:\/\/kanzleifueralle.de\/philosophie\/#breadcrumb\",\"itemListElement\":[{\"@type\":\"ListItem\",\"position\":1,\"name\":\"Start\",\"item\":\"https:\/\/kanzleifueralle.de\/\"},{\"@type\":\"ListItem\",\"position\":2,\"name\":\"Philosophie\"}]},{\"@type\":\"WebSite\",\"@id\":\"https:\/\/kanzleifueralle.de\/#website\",\"url\":\"https:\/\/kanzleifueralle.de\/\",\"name\":\"Kanzlei f\u00fcr Alle\",\"description\":\"Weil Gerechtigkeit kein Privileg sein darf.\",\"publisher\":{\"@id\":\"https:\/\/kanzleifueralle.de\/#organization\"},\"potentialAction\":[{\"@type\":\"SearchAction\",\"target\":{\"@type\":\"EntryPoint\",\"urlTemplate\":\"https:\/\/kanzleifueralle.de\/?s={search_term_string}\"},\"query-input\":{\"@type\":\"PropertyValueSpecification\",\"valueRequired\":true,\"valueName\":\"search_term_string\"}}],\"inLanguage\":\"en-GB\"},{\"@type\":\"Organization\",\"@id\":\"https:\/\/kanzleifueralle.de\/#organization\",\"name\":\"Kanzlei f\u00fcr Alle\",\"url\":\"https:\/\/kanzleifueralle.de\/\",\"logo\":{\"@type\":\"ImageObject\",\"inLanguage\":\"en-GB\",\"@id\":\"https:\/\/kanzleifueralle.de\/#\/schema\/logo\/image\/\",\"url\":\"https:\/\/kanzleifueralle.de\/wp-content\/uploads\/2026\/02\/Kanzleifueralle-Logo.png\",\"contentUrl\":\"https:\/\/kanzleifueralle.de\/wp-content\/uploads\/2026\/02\/Kanzleifueralle-Logo.png\",\"width\":197,\"height\":57,\"caption\":\"Kanzlei f\u00fcr Alle\"},\"image\":{\"@id\":\"https:\/\/kanzleifueralle.de\/#\/schema\/logo\/image\/\"},\"sameAs\":[\"https:\/\/www.instagram.com\/kanzleifueralle\/\"]}]}<\/script>\n<!-- \/ Yoast SEO plugin. -->","yoast_head_json":{"title":"Philosophie - Kanzlei f\u00fcr Alle","description":"Unsere Philosophie: Weil Gerechtigkeit kein Privileg sein darf. Die Kanzlei f\u00fcr Alle steht f\u00fcr Zuh\u00f6ren, Verst\u00e4ndlichkeit und Einsatz auf Augenh\u00f6he.","robots":{"index":"index","follow":"follow","max-snippet":"max-snippet:-1","max-image-preview":"max-image-preview:large","max-video-preview":"max-video-preview:-1"},"canonical":"https:\/\/kanzleifueralle.de\/en\/philosophie\/","og_locale":"en_GB","og_type":"article","og_title":"Philosophie - Kanzlei f\u00fcr Alle","og_description":"Unsere Philosophie: Weil Gerechtigkeit kein Privileg sein darf. Die Kanzlei f\u00fcr Alle steht f\u00fcr Zuh\u00f6ren, Verst\u00e4ndlichkeit und Einsatz auf Augenh\u00f6he.","og_url":"https:\/\/kanzleifueralle.de\/en\/philosophie\/","og_site_name":"Kanzlei f\u00fcr Alle","article_modified_time":"2026-04-08T13:40:27+00:00","og_image":[{"width":567,"height":445,"url":"https:\/\/kanzleifueralle.de\/wp-content\/uploads\/2026\/02\/Kanzlei-fuer-Alle-Philosophie.png","type":"image\/png"}],"twitter_card":"summary_large_image","twitter_misc":{"Estimated reading time":"2 minutes"},"schema":{"@context":"https:\/\/schema.org","@graph":[{"@type":"WebPage","@id":"https:\/\/kanzleifueralle.de\/philosophie\/","url":"https:\/\/kanzleifueralle.de\/philosophie\/","name":"Philosophie - Kanzlei f\u00fcr Alle","isPartOf":{"@id":"https:\/\/kanzleifueralle.de\/#website"},"primaryImageOfPage":{"@id":"https:\/\/kanzleifueralle.de\/philosophie\/#primaryimage"},"image":{"@id":"https:\/\/kanzleifueralle.de\/philosophie\/#primaryimage"},"thumbnailUrl":"https:\/\/kanzleifueralle.de\/wp-content\/uploads\/2026\/02\/Kanzlei-fuer-Alle-Philosophie.png","datePublished":"2026-02-02T18:12:36+00:00","dateModified":"2026-04-08T13:40:27+00:00","description":"Unsere Philosophie: Weil Gerechtigkeit kein Privileg sein darf. Die Kanzlei f\u00fcr Alle steht f\u00fcr Zuh\u00f6ren, Verst\u00e4ndlichkeit und Einsatz auf Augenh\u00f6he.","breadcrumb":{"@id":"https:\/\/kanzleifueralle.de\/philosophie\/#breadcrumb"},"inLanguage":"en-GB","potentialAction":[{"@type":"ReadAction","target":["https:\/\/kanzleifueralle.de\/philosophie\/"]}]},{"@type":"ImageObject","inLanguage":"en-GB","@id":"https:\/\/kanzleifueralle.de\/philosophie\/#primaryimage","url":"https:\/\/kanzleifueralle.de\/wp-content\/uploads\/2026\/02\/Kanzlei-fuer-Alle-Philosophie.png","contentUrl":"https:\/\/kanzleifueralle.de\/wp-content\/uploads\/2026\/02\/Kanzlei-fuer-Alle-Philosophie.png"},{"@type":"BreadcrumbList","@id":"https:\/\/kanzleifueralle.de\/philosophie\/#breadcrumb","itemListElement":[{"@type":"ListItem","position":1,"name":"Start","item":"https:\/\/kanzleifueralle.de\/"},{"@type":"ListItem","position":2,"name":"Philosophie"}]},{"@type":"WebSite","@id":"https:\/\/kanzleifueralle.de\/#website","url":"https:\/\/kanzleifueralle.de\/","name":"Kanzlei f\u00fcr Alle","description":"Because justice should not be a privilege.","publisher":{"@id":"https:\/\/kanzleifueralle.de\/#organization"},"potentialAction":[{"@type":"SearchAction","target":{"@type":"EntryPoint","urlTemplate":"https:\/\/kanzleifueralle.de\/?s={search_term_string}"},"query-input":{"@type":"PropertyValueSpecification","valueRequired":true,"valueName":"search_term_string"}}],"inLanguage":"en-GB"},{"@type":"Organization","@id":"https:\/\/kanzleifueralle.de\/#organization","name":"Kanzlei f\u00fcr Alle","url":"https:\/\/kanzleifueralle.de\/","logo":{"@type":"ImageObject","inLanguage":"en-GB","@id":"https:\/\/kanzleifueralle.de\/#\/schema\/logo\/image\/","url":"https:\/\/kanzleifueralle.de\/wp-content\/uploads\/2026\/02\/Kanzleifueralle-Logo.png","contentUrl":"https:\/\/kanzleifueralle.de\/wp-content\/uploads\/2026\/02\/Kanzleifueralle-Logo.png","width":197,"height":57,"caption":"Kanzlei f\u00fcr Alle"},"image":{"@id":"https:\/\/kanzleifueralle.de\/#\/schema\/logo\/image\/"},"sameAs":["https:\/\/www.instagram.com\/kanzleifueralle\/"]}]}},"_links":{"self":[{"href":"https:\/\/kanzleifueralle.de\/en\/wp-json\/wp\/v2\/pages\/24","targetHints":{"allow":["GET"]}}],"collection":[{"href":"https:\/\/kanzleifueralle.de\/en\/wp-json\/wp\/v2\/pages"}],"about":[{"href":"https:\/\/kanzleifueralle.de\/en\/wp-json\/wp\/v2\/types\/page"}],"author":[{"embeddable":true,"href":"https:\/\/kanzleifueralle.de\/en\/wp-json\/wp\/v2\/users\/1"}],"replies":[{"embeddable":true,"href":"https:\/\/kanzleifueralle.de\/en\/wp-json\/wp\/v2\/comments?post=24"}],"version-history":[{"count":91,"href":"https:\/\/kanzleifueralle.de\/en\/wp-json\/wp\/v2\/pages\/24\/revisions"}],"predecessor-version":[{"id":1008,"href":"https:\/\/kanzleifueralle.de\/en\/wp-json\/wp\/v2\/pages\/24\/revisions\/1008"}],"wp:attachment":[{"href":"https:\/\/kanzleifueralle.de\/en\/wp-json\/wp\/v2\/media?parent=24"}],"curies":[{"name":"wp","href":"https:\/\/api.w.org\/{rel}","templated":true}]}}